



{"id":104,"date":"2015-03-30T10:26:23","date_gmt":"2015-03-30T10:26:23","guid":{"rendered":"http:\/\/miniart.lt\/smmm\/?page_id=104"},"modified":"2015-03-30T10:27:15","modified_gmt":"2015-03-30T10:27:15","slug":"2-2","status":"publish","type":"page","link":"https:\/\/smmm.lt\/en\/2-2\/","title":{"rendered":"2%"},"content":{"rendered":"<p style=\"text-align: center;\"><strong>Gerbiamieji<\/strong><br \/><strong>\u0160AL\u010cININK\u0172 S. MONIU\u0160KOS MEN\u0172 MOKYKLOS<\/strong><br \/><strong>mokini\u0173 t\u0117veliai!<\/strong><br \/>\u00a0\u00a0\u00a0\u00a0\u00a0\u00a0\u00a0\u00a0 \u00a0<\/p>\n<p style=\"text-align: justify;\">\u00a0\u00a0\u00a0\u00a0\u00a0\u00a0\u00a0 D\u0117kojame u\u017e J\u016bs\u0173 skirt\u0105 Mokyklai 2 procent\u0173 gyventoj\u0173 pajam\u0173 mokes\u010dio param\u0105 ankstesniaisiais metais.\u00a0 Mokykla ir J\u016bs\u0173 d\u0117ka kasmet realizuoja mokini\u0173 l\u016bkes\u010dius. Tod\u0117l v\u0117l kreipiam\u0117s \u012f Jus, tik\u0117damiesi paramos, nereikalaujan\u010dios i\u0161 J\u016bs\u0173 papildom\u0173 materialini\u0173 i\u0161laid\u0173.<br \/>\u00a0\u00a0\u00a0\u00a0\u00a0\u00a0\u00a0\u00a0\u00a0 \u00a0<br \/>\u00a0\u00a0\u00a0\u00a0\u00a0\u00a0 D\u0117l krizin\u0117s finansin\u0117s pad\u0117ties suma\u017eintas Mokyklos biud\u017eetas \u2013 mums tr\u016bksta l\u0117\u0161\u0173 padengti mokini\u0173 dalyvavimo festivaliuose, konkursuose, parodose, edukacin\u0117se i\u0161vykose i\u0161laidas. Visi J\u016bs\u0173 skirti pinigai atiteks mokiniams, j\u0173\u00a0 mokymosi s\u0105lyg\u0173 gerinimui, dalyvavimui festivaliuose, konkursuose, parodose, edukacin\u0117se i\u0161vykose ir t.t.<\/p>\n<p style=\"text-align: justify;\">\u00a0<\/p>\n<p>\u00a0\u00a0\u00a0\u00a0\u00a0\u00a0\u00a0\u00a0\u00a0\u00a0\u00a0 Nustatytos FR0512 versija 02 formos pra\u0161ym\u0105 reikia pateikti mokes\u010di\u0173 inspekcijai\u00a0 iki \u0161.m. gegu\u017e\u0117s 1 d. (jungtis prie Elektroninio deklaravimo sistemos ir kompiuteriniu b\u016bdu u\u017epildyti Pra\u0161ymo FR0512 form\u0105).<\/p>\n<p>\u00a0\u00a0\u00a0\u00a0\u00a0\u00a0\u00a0\u00a0\u00a0 Pra\u0161ymo u\u017epildymui reikalingas Gav\u0117jo kodas\u00a0 \u2013 191417232<\/p>\n<p>&nbsp;<\/p>\n<p>\u00a0\u00a0\u00a0\u00a0\u00a0\u00a0\u00a0\u00a0\u00a0\u00a0 B\u016bkite malon\u016bs, pakvieskite ir savo artimuosius, draugus, pa\u017e\u012fstamus paremti\u00a0 \u0160al\u010dinink\u0173 S.Moniu\u0161kos men\u0173 mokykl\u0105. Gautos l\u0117\u0161os bus naudojamos mokyklos veiklos gerinimui.<\/p>\n<p>&nbsp;<\/p>\n<p style=\"text-align: center;\"><strong>NUO\u0160IRD\u017dIAI\u00a0 D\u0116KOJAME<\/strong><\/p>\n","protected":false},"excerpt":{"rendered":"<p>Gerbiamieji\u0160AL\u010cININK\u0172 S. MONIU\u0160KOS MEN\u0172 MOKYKLOSmokini\u0173 t\u0117veliai!\u00a0\u00a0\u00a0\u00a0\u00a0\u00a0\u00a0\u00a0 \u00a0 \u00a0\u00a0\u00a0\u00a0\u00a0\u00a0\u00a0 D\u0117kojame u\u017e J\u016bs\u0173 skirt\u0105 Mokyklai 2 procent\u0173 gyventoj\u0173 pajam\u0173 mokes\u010dio param\u0105 ankstesniaisiais metais.\u00a0 Mokykla ir J\u016bs\u0173 d\u0117ka kasmet realizuoja mokini\u0173 l\u016bkes\u010dius. Tod\u0117l v\u0117l kreipiam\u0117s \u012f Jus, tik\u0117damiesi paramos, nereikalaujan\u010dios i\u0161 J\u016bs\u0173 papildom\u0173 materialini\u0173 i\u0161laid\u0173.\u00a0\u00a0\u00a0\u00a0\u00a0\u00a0\u00a0\u00a0\u00a0 \u00a0\u00a0\u00a0\u00a0\u00a0\u00a0\u00a0 D\u0117l krizin\u0117s finansin\u0117s pad\u0117ties suma\u017eintas Mokyklos biud\u017eetas \u2013 mums tr\u016bksta l\u0117\u0161\u0173 padengti [&hellip;]<\/p>\n<div class=\"placiaukategorijos\"><a href=\"https:\/\/smmm.lt\/en\/2-2\/\">Pla\u010diau...<\/a><\/div>","protected":false},"author":1,"featured_media":0,"parent":0,"menu_order":0,"comment_status":"open","ping_status":"open","template":"","meta":{"_acf_changed":false,"footnotes":""},"class_list":["post-104","page","type-page","status-publish","hentry"],"acf":[],"_links":{"self":[{"href":"https:\/\/smmm.lt\/en\/wp-json\/wp\/v2\/pages\/104","targetHints":{"allow":["GET"]}}],"collection":[{"href":"https:\/\/smmm.lt\/en\/wp-json\/wp\/v2\/pages"}],"about":[{"href":"https:\/\/smmm.lt\/en\/wp-json\/wp\/v2\/types\/page"}],"author":[{"embeddable":true,"href":"https:\/\/smmm.lt\/en\/wp-json\/wp\/v2\/users\/1"}],"replies":[{"embeddable":true,"href":"https:\/\/smmm.lt\/en\/wp-json\/wp\/v2\/comments?post=104"}],"version-history":[{"count":2,"href":"https:\/\/smmm.lt\/en\/wp-json\/wp\/v2\/pages\/104\/revisions"}],"predecessor-version":[{"id":107,"href":"https:\/\/smmm.lt\/en\/wp-json\/wp\/v2\/pages\/104\/revisions\/107"}],"wp:attachment":[{"href":"https:\/\/smmm.lt\/en\/wp-json\/wp\/v2\/media?parent=104"}],"curies":[{"name":"wp","href":"https:\/\/api.w.org\/{rel}","templated":true}]}}