



{"id":112,"date":"2015-03-30T10:35:11","date_gmt":"2015-03-30T10:35:11","guid":{"rendered":"http:\/\/miniart.lt\/smmm\/?page_id=112"},"modified":"2015-03-30T10:37:53","modified_gmt":"2015-03-30T10:37:53","slug":"viesieji-pirkimai","status":"publish","type":"page","link":"https:\/\/smmm.lt\/en\/viesieji-pirkimai\/","title":{"rendered":"Vie\u0161ieji pirkimai"},"content":{"rendered":"<p><a href=\"http:\/\/miniart.lt\/smmm\/wp-content\/uploads\/2015\/03\/\u012eSAKYMAS-D\u0116L-\u0160AL\u010cININK\u0172-S.-MONIU\u0160KOS-MEN\u0172-MOKYKLOS-SUPAPRASTINT\u0172-VIE\u0160\u0172J\u0172-PIRKIM\u0172-TAISYKLI\u0172-PATVIRTINIMO.doc\">\u012eSAKYMAS D\u0116L \u0160AL\u010cININK\u0172 S. MONIU\u0160KOS MEN\u0172 MOKYKLOS SUPAPRASTINT\u0172 VIE\u0160\u0172J\u0172 PIRKIM\u0172 TAISYKLI\u0172 PATVIRTINIMO<\/a><\/p>\n<p>&nbsp;<\/p>\n<p><a href=\"http:\/\/miniart.lt\/smmm\/wp-content\/uploads\/2015\/03\/\u0160AL\u010cININK\u0172-S.-MONIU\u0160KOS-MEN\u0172-MOKYKLOS-SUPAPRASTINT\u0172-VIE\u0160\u0172J\u0172-PIRKIM\u0172-TAISYKL\u0116S-2015-m.-kovo-10-d..doc\">\u0160AL\u010cININK\u0172 S. MONIU\u0160KOS MEN\u0172 MOKYKLOS SUPAPRASTINT\u0172 VIE\u0160\u0172J\u0172 PIRKIM\u0172 TAISYKL\u0116S 2015 m. kovo 10 d.<\/a><\/p>\n<p>&nbsp;<\/p>\n<p><a href=\"http:\/\/miniart.lt\/smmm\/wp-content\/uploads\/2015\/03\/\u0160AL\u010cININK\u0172-STANISLAVO-MONIU\u0160KOS-MEN\u0172-MOKYKLOS-SUPAPRASTINT\u0172-VIE\u0160\u0172J\u0172-PIRKIM\u0172-KOMISIJOS-DARBO-REGLAMENTAS.doc\">\u0160AL\u010cININK\u0172 STANISLAVO MONIU\u0160KOS MEN\u0172 MOKYKLOS SUPAPRASTINT\u0172 VIE\u0160\u0172J\u0172 PIRKIM\u0172 KOMISIJOS DARBO REGLAMENTAS<\/a><\/p>\n","protected":false},"excerpt":{"rendered":"<p>\u012eSAKYMAS D\u0116L \u0160AL\u010cININK\u0172 S. MONIU\u0160KOS MEN\u0172 MOKYKLOS SUPAPRASTINT\u0172 VIE\u0160\u0172J\u0172 PIRKIM\u0172 TAISYKLI\u0172 PATVIRTINIMO &nbsp; \u0160AL\u010cININK\u0172 S. MONIU\u0160KOS MEN\u0172 MOKYKLOS SUPAPRASTINT\u0172 VIE\u0160\u0172J\u0172 PIRKIM\u0172 TAISYKL\u0116S 2015 m. kovo 10 d. &nbsp; \u0160AL\u010cININK\u0172 STANISLAVO MONIU\u0160KOS MEN\u0172 MOKYKLOS SUPAPRASTINT\u0172 VIE\u0160\u0172J\u0172 PIRKIM\u0172 KOMISIJOS DARBO REGLAMENTAS<\/p>\n<div class=\"placiaukategorijos\"><a href=\"https:\/\/smmm.lt\/en\/viesieji-pirkimai\/\">Pla\u010diau...<\/a><\/div>","protected":false},"author":1,"featured_media":0,"parent":0,"menu_order":0,"comment_status":"open","ping_status":"open","template":"","meta":{"_acf_changed":false,"footnotes":""},"class_list":["post-112","page","type-page","status-publish","hentry"],"acf":[],"_links":{"self":[{"href":"https:\/\/smmm.lt\/en\/wp-json\/wp\/v2\/pages\/112","targetHints":{"allow":["GET"]}}],"collection":[{"href":"https:\/\/smmm.lt\/en\/wp-json\/wp\/v2\/pages"}],"about":[{"href":"https:\/\/smmm.lt\/en\/wp-json\/wp\/v2\/types\/page"}],"author":[{"embeddable":true,"href":"https:\/\/smmm.lt\/en\/wp-json\/wp\/v2\/users\/1"}],"replies":[{"embeddable":true,"href":"https:\/\/smmm.lt\/en\/wp-json\/wp\/v2\/comments?post=112"}],"version-history":[{"count":5,"href":"https:\/\/smmm.lt\/en\/wp-json\/wp\/v2\/pages\/112\/revisions"}],"predecessor-version":[{"id":120,"href":"https:\/\/smmm.lt\/en\/wp-json\/wp\/v2\/pages\/112\/revisions\/120"}],"wp:attachment":[{"href":"https:\/\/smmm.lt\/en\/wp-json\/wp\/v2\/media?parent=112"}],"curies":[{"name":"wp","href":"https:\/\/api.w.org\/{rel}","templated":true}]}}