



{"id":121,"date":"2015-03-30T10:45:04","date_gmt":"2015-03-30T10:45:04","guid":{"rendered":"http:\/\/miniart.lt\/smmm\/?page_id=121"},"modified":"2015-03-30T11:20:53","modified_gmt":"2015-03-30T11:20:53","slug":"mokytoju-pamoku-tvarkarastis","status":"publish","type":"page","link":"https:\/\/smmm.lt\/en\/mokytoju-pamoku-tvarkarastis\/","title":{"rendered":"MOKYTOJ\u0172 PAMOK\u0172  TVARKARA\u0160TIS"},"content":{"rendered":"<p style=\"text-align: center;\"><strong>\u0160al\u010dinink\u0173 Stanislavo Moniu\u0161kos men\u0173 mokykla MOKYTOJ\u0172 PAMOK\u0172 TVARKARA\u0160TIS 2014\/2015 m.m.<\/strong><\/p>\n<table style=\"height: 2112px;\" width=\"806\">\n<tbody>\n<tr>\n<td width=\"234\">Vardas, pavard\u0117<\/td>\n<td width=\"151\">Pirmadienis<\/td>\n<td width=\"151\">Antradienis<\/td>\n<td width=\"151\">Tre\u010diadienis<\/td>\n<td width=\"151\">Ketvirtadienis<\/td>\n<td width=\"151\">Penktadienis<\/td>\n<\/tr>\n<tr>\n<td colspan=\"6\" width=\"990\">\n<p><strong><em>FORTEPIJONO\u00a0\u00a0 SKYRIUS<\/em><\/strong><\/p>\n<\/td>\n<\/tr>\n<tr>\n<td width=\"234\">\n<p><em>Margarita Marija Bilkien\u0117 <br \/><\/em><\/p>\n<\/td>\n<td width=\"151\">\n<p>13.15-19.50<\/p>\n<\/td>\n<td width=\"151\">\n<p>13.15-19.50<\/p>\n<\/td>\n<td width=\"151\">\u00a0<\/td>\n<td width=\"151\">\n<p>13.15-19.50<\/p>\n<\/td>\n<td width=\"151\">\u00a0<\/td>\n<\/tr>\n<tr>\n<td width=\"234\">\n<p><em>Jolanta Grab\u0161tunovi\u010dien\u0117<\/em><\/p>\n<\/td>\n<td width=\"151\">\n<p>14.30-19.30<\/p>\n<\/td>\n<td width=\"151\">\u00a0<\/td>\n<td width=\"151\">\u00a0<\/td>\n<td width=\"151\">\u00a0<\/td>\n<td width=\"151\">\u00a0<\/td>\n<\/tr>\n<tr>\n<td width=\"234\">\n<p><em>Vida Ivanovskaja<\/em><\/p>\n<\/td>\n<td width=\"151\">\n<p>13.15-19.50<\/p>\n<\/td>\n<td width=\"151\">\n<p>14.05-19.00<\/p>\n<\/td>\n<td width=\"151\">\u00a0<\/td>\n<td width=\"151\">\n<p>13.15-19.50<\/p>\n<\/td>\n<td width=\"151\">\n<p>14.05-19.00<\/p>\n<\/td>\n<\/tr>\n<tr>\n<td width=\"234\">\n<p><em>Lijana Jomantien\u0117<\/em><\/p>\n<\/td>\n<td width=\"151\">\n<p>13.30-19.50<\/p>\n<\/td>\n<td width=\"151\">\n<p>13.15-17.20<\/p>\n<\/td>\n<td width=\"151\">\u00a0<\/td>\n<td width=\"151\">\n<p>13.15-19.00<\/p>\n<\/td>\n<td width=\"151\">\n<p>13.15-17.40<\/p>\n<\/td>\n<\/tr>\n<tr>\n<td width=\"234\">\n<p><em>Ala Sereda<\/em><\/p>\n<\/td>\n<td width=\"151\">\n<p>14.05-18.40<\/p>\n<\/td>\n<td width=\"151\">\n<p>14.05-18.10<\/p>\n<\/td>\n<td width=\"151\">\u00a0<\/td>\n<td width=\"151\">\n<p>14.05-19.20<\/p>\n<\/td>\n<td width=\"151\">\n<p>14.05-18.10<\/p>\n<\/td>\n<\/tr>\n<tr>\n<td width=\"234\">\n<p><em>Jelena Staniulien\u0117<\/em><\/p>\n<\/td>\n<td width=\"151\">\n<p>14.55-19.00<\/p>\n<\/td>\n<td width=\"151\">\n<p>13.15-18.10<\/p>\n<\/td>\n<td width=\"151\">\u00a0<\/td>\n<td width=\"151\">\n<p>14.35-19.00<\/p>\n<\/td>\n<td width=\"151\">\n<p>13.15-18.15<\/p>\n<\/td>\n<\/tr>\n<tr>\n<td width=\"234\">\n<p><em>Danuta Stefanovi\u010d<\/em><\/p>\n<\/td>\n<td width=\"151\">\n<p>13.35-19.50<\/p>\n<\/td>\n<td width=\"151\">\n<p>14.05-19.00<\/p>\n<\/td>\n<td width=\"151\">\u00a0<\/td>\n<td width=\"151\">\u00a0<\/td>\n<td width=\"151\">\n<p>13.40-19.00<\/p>\n<\/td>\n<\/tr>\n<tr>\n<td colspan=\"6\" width=\"990\">\n<p><strong><em>AKORDEONO \u00a0 SKYRIUS<\/em><\/strong><\/p>\n<\/td>\n<\/tr>\n<tr>\n<td width=\"234\">\n<p><em>Liudmila Bandalevi\u010d<\/em><\/p>\n<\/td>\n<td width=\"151\">\n<p>14.05-18.10<\/p>\n<\/td>\n<td width=\"151\">\n<p>14.05-18.10<\/p>\n<\/td>\n<td width=\"151\">\u00a0<\/td>\n<td width=\"151\">\n<p>13.15-19.00<\/p>\n<\/td>\n<td width=\"151\">\n<p>13.15-17.20<\/p>\n<\/td>\n<\/tr>\n<tr>\n<td width=\"234\">\n<p><em>Jelena Ivanovskaja<\/em><\/p>\n<\/td>\n<td width=\"151\">\n<p>14.55-19.50<\/p>\n<\/td>\n<td width=\"151\">\n<p>14.05-19.00<\/p>\n<\/td>\n<td width=\"151\">\u00a0<\/td>\n<td width=\"151\">\n<p>14.05-19.00<\/p>\n<\/td>\n<td width=\"151\">\n<p>14.05-18.10<\/p>\n<\/td>\n<\/tr>\n<tr>\n<td width=\"234\">\n<p><em>Valerijus Mas\u0117nas<\/em><\/p>\n<\/td>\n<td width=\"151\">\n<p>13.15-19.50<\/p>\n<\/td>\n<td width=\"151\">\u00a0<\/td>\n<td width=\"151\">\n<p>14.05-19.00<\/p>\n<\/td>\n<td width=\"151\">\n<p>13.15-19.50<\/p>\n<\/td>\n<td width=\"151\">\u00a0<\/td>\n<\/tr>\n<tr>\n<td width=\"234\">\n<p><em>Nijol\u0117 Skibien\u0117<\/em><\/p>\n<\/td>\n<td width=\"151\">\n<p>12.25-18.10<\/p>\n<\/td>\n<td width=\"151\">\n<p>13.15-18.40<\/p>\n<\/td>\n<td width=\"151\">\u00a0<\/td>\n<td width=\"151\">\n<p>14.05-18.10<\/p>\n<\/td>\n<td width=\"151\">\n<p>12.25-17.20<\/p>\n<\/td>\n<\/tr>\n<tr>\n<td colspan=\"6\" width=\"990\">\n<p><strong><em>PU\u010cIAM\u0172J\u0172 INSTRUMENT\u0172 SKYRIUS<\/em><\/strong><\/p>\n<\/td>\n<\/tr>\n<tr>\n<td width=\"234\">\n<p><em>\u017dilvinas Kumpys<\/em><\/p>\n<\/td>\n<td width=\"151\">\n<p>13.15-19.50<\/p>\n<\/td>\n<td width=\"151\">\u00a0<\/td>\n<td width=\"151\">\u00a0<\/td>\n<td width=\"151\">\n<p>13.15-19.50<\/p>\n<\/td>\n<td width=\"151\">\u00a0<\/td>\n<\/tr>\n<tr>\n<td width=\"234\">\n<p><em>Vitalij Godov\u0161\u010dikov<\/em><\/p>\n<\/td>\n<td width=\"151\">\n<p>13.15-19.00<\/p>\n<\/td>\n<td width=\"151\">\u00a0<\/td>\n<td width=\"151\">\n<p>13.15-19.00<\/p>\n<\/td>\n<td width=\"151\">\u00a0<\/td>\n<td width=\"151\">\u00a0<\/td>\n<\/tr>\n<tr>\n<td width=\"234\">\n<p><em>Gintaras Mockus<\/em><\/p>\n<\/td>\n<td width=\"151\">\n<p>14.05-19.50<\/p>\n<\/td>\n<td width=\"151\">\n<p>13.15-19.00<\/p>\n<\/td>\n<td width=\"151\">\u00a0<\/td>\n<td width=\"151\">\n<p>13.15-19.00<\/p>\n<\/td>\n<td width=\"151\">\u00a0<\/td>\n<\/tr>\n<tr>\n<td width=\"234\">\n<p><em>Rimantas Rutkauskas<\/em><\/p>\n<\/td>\n<td width=\"151\">\n<p>14.05-18.10<\/p>\n<\/td>\n<td width=\"151\">\u00a0<\/td>\n<td width=\"151\">\u00a0<\/td>\n<td width=\"151\">\n<p>14.05-18.10<\/p>\n<\/td>\n<td width=\"151\">\u00a0<\/td>\n<\/tr>\n<tr>\n<td width=\"234\">\n<p><em>Aleksandras Rogo\u017ea<\/em><\/p>\n<\/td>\n<td width=\"151\">\n<p>14.05-18.20<\/p>\n<\/td>\n<td width=\"151\">\u00a0<\/td>\n<td width=\"151\">\n<p>14.05-18.20<\/p>\n<\/td>\n<td width=\"151\">\u00a0<\/td>\n<td width=\"151\">\u00a0<\/td>\n<\/tr>\n<tr>\n<td colspan=\"6\" width=\"990\">\n<p><strong><em>STYGINI\u0172 INSTRUMENT\u0172 SKYRIUS<\/em><\/strong><\/p>\n<\/td>\n<\/tr>\n<tr>\n<td width=\"234\">\n<p><em>Edita Klapatauskien\u0117<\/em><\/p>\n<\/td>\n<td width=\"151\">\n<p>12.25-19.50<\/p>\n<\/td>\n<td width=\"151\">\u00a0<\/td>\n<td width=\"151\">\u00a0<\/td>\n<td width=\"151\">\n<p>13.15-19.50<\/p>\n<\/td>\n<td width=\"151\">\n<p>14.05-17.20<\/p>\n<\/td>\n<\/tr>\n<tr>\n<td width=\"234\">\n<p><em>Danguol\u0117 Neris<\/em><\/p>\n<p><em>\u017divotkevi\u010dien\u0117<\/em><\/p>\n<\/td>\n<td width=\"151\">\n<p>13.15-19.50<\/p>\n<\/td>\n<td width=\"151\">\n<p>14.05-18.10<\/p>\n<\/td>\n<td width=\"151\">\u00a0<\/td>\n<td width=\"151\">\n<p>13.15-19.00<\/p>\n<\/td>\n<td width=\"151\">\n<p>14.05-17.20<\/p>\n<\/td>\n<\/tr>\n<tr>\n<td width=\"234\">\n<p><em>Rasa Smolinskyt\u0117<\/em><\/p>\n<p><em>\u00a0<\/em><\/p>\n<\/td>\n<td width=\"151\">\n<p>13.15-19.50<\/p>\n<\/td>\n<td width=\"151\">\u00a0<\/td>\n<td width=\"151\">\u00a0<\/td>\n<td width=\"151\">\n<p>13.15-19.50<\/p>\n<\/td>\n<td width=\"151\">\u00a0<\/td>\n<\/tr>\n<tr>\n<td colspan=\"6\" width=\"990\">\n<p><strong><em>TEORIJOS \u00a0 SKYRIUS<\/em><\/strong><\/p>\n<\/td>\n<\/tr>\n<tr>\n<td width=\"234\">\n<p><em>Elena Zinkevi\u010dien\u0117<\/em><\/p>\n<\/td>\n<td width=\"151\">\n<p>13.15-18.10<\/p>\n<\/td>\n<td width=\"151\">\n<p>14.05-18.10<\/p>\n<\/td>\n<td width=\"151\">\u00a0<\/td>\n<td width=\"151\">\n<p>14.05-17.20<\/p>\n<\/td>\n<td width=\"151\">\n<p>13.15-17.20<\/p>\n<\/td>\n<\/tr>\n<tr>\n<td width=\"234\">\n<p><em>Irina Rodevi\u010d<\/em><\/p>\n<\/td>\n<td width=\"151\">\n<p>13.15-19.50<\/p>\n<\/td>\n<td width=\"151\">\n<p>13.15-18.10<\/p>\n<\/td>\n<td width=\"151\">\u00a0<\/td>\n<td width=\"151\">\n<p>13.15-19.50<\/p>\n<\/td>\n<td width=\"151\">\n<p>14.05-16.30<\/p>\n<\/td>\n<\/tr>\n<tr>\n<td width=\"234\">\n<p><em>Olga Zinevi\u010d<\/em><\/p>\n<\/td>\n<td width=\"151\">\u00a0<\/td>\n<td width=\"151\">\n<p>14.05-17.20<\/p>\n<\/td>\n<td width=\"151\">\u00a0<\/td>\n<td width=\"151\">\n<p>14.55-15.40<\/p>\n<\/td>\n<td width=\"151\">\n<p>14.05-17.20<\/p>\n<\/td>\n<\/tr>\n<tr>\n<td colspan=\"6\" width=\"990\">\n<p><strong><em>CHOREOGRAFIJOS SKYRIUS<\/em><\/strong><\/p>\n<\/td>\n<\/tr>\n<tr>\n<td width=\"234\">\n<p><em>Marija Dedel-Dru\u017eina<\/em><\/p>\n<\/td>\n<td width=\"151\">\n<p>14.05-19.50<\/p>\n<\/td>\n<td width=\"151\">\u00a0<\/td>\n<td width=\"151\">\n<p>13.15-19.50<\/p>\n<\/td>\n<td width=\"151\">\u00a0<\/td>\n<td width=\"151\">\n<p>13.15-19.50<\/p>\n<\/td>\n<\/tr>\n<tr>\n<td width=\"234\">\n<p><em>Irma Jank\u016bnien\u0117<\/em><\/p>\n<\/td>\n<td width=\"151\">\u00a0<\/td>\n<td width=\"151\">\n<p>14.05-19.50<\/p>\n<\/td>\n<td width=\"151\">\n<p>14.05-19.50<\/p>\n<\/td>\n<td width=\"151\">\n<p>14.05-19.50<\/p>\n<\/td>\n<td width=\"151\">\u00a0<\/td>\n<\/tr>\n<tr>\n<td width=\"234\">\n<p><em> Natalja \u0160ilobrit<\/em><\/p>\n<\/td>\n<td width=\"151\">\n<p>14.05-19.50<\/p>\n<\/td>\n<td width=\"151\">\u00a0<\/td>\n<td width=\"151\">\n<p>13.15-19.50<\/p>\n<\/td>\n<td width=\"151\">\n<p>13.15-14.00<\/p>\n<\/td>\n<td width=\"151\">\n<p>13.15-15.40<\/p>\n<\/td>\n<\/tr>\n<tr>\n<td width=\"234\">\n<p><em>Natalija Rogo\u017eien\u0117<\/em><\/p>\n<\/td>\n<td width=\"151\">\u00a0<\/td>\n<td width=\"151\">\n<p>14.05-19.00<\/p>\n<\/td>\n<td width=\"151\">\n<p>16.35-19.50<\/p>\n<\/td>\n<td width=\"151\">\n<p>14.05-19.00<\/p>\n<\/td>\n<td width=\"151\">\u00a0<\/td>\n<\/tr>\n<tr>\n<td colspan=\"6\" width=\"990\">\n<p><strong><em>DAIL\u0116S SKYRIUS<\/em><\/strong><\/p>\n<\/td>\n<\/tr>\n<tr>\n<td width=\"234\">\n<p><em>Vladimir Matijko<\/em><\/p>\n<\/td>\n<td width=\"151\">\n<p>13.15-19.50<\/p>\n<\/td>\n<td width=\"151\">\n<p>13.15-19.50<\/p>\n<\/td>\n<td width=\"151\">\n<p>14.05-19.00<\/p>\n<\/td>\n<td width=\"151\">\u00a0<\/td>\n<td width=\"151\">\u00a0<\/td>\n<\/tr>\n<tr>\n<td width=\"234\">\n<p><em>Asta Vasiliauskait\u0117<\/em><\/p>\n<\/td>\n<td width=\"151\">\u00a0<\/td>\n<td width=\"151\">\n<p>13.15-19.50<\/p>\n<\/td>\n<td width=\"151\">\n<p>13.15-19.50<\/p>\n<\/td>\n<td width=\"151\">\u00a0<\/td>\n<td width=\"151\">\u00a0<\/td>\n<\/tr>\n<tr>\n<td width=\"234\">\n<p><em>Ram\u016bn\u0117 Pranckevi\u010di\u016bt\u0117<\/em><\/p>\n<\/td>\n<td width=\"151\">\u00a0<\/td>\n<td width=\"151\">\u00a0<\/td>\n<td width=\"151\">\u00a0<\/td>\n<td width=\"151\">\u00a0<\/td>\n<td width=\"151\">\n<p>14.05-19.50<\/p>\n<\/td>\n<\/tr>\n<\/tbody>\n<\/table>\n<p>&nbsp;<\/p>\n","protected":false},"excerpt":{"rendered":"<p>\u0160al\u010dinink\u0173 Stanislavo Moniu\u0161kos men\u0173 mokykla MOKYTOJ\u0172 PAMOK\u0172 TVARKARA\u0160TIS 2014\/2015 m.m. Vardas, pavard\u0117 Pirmadienis Antradienis Tre\u010diadienis Ketvirtadienis Penktadienis FORTEPIJONO\u00a0\u00a0 SKYRIUS Margarita Marija Bilkien\u0117 13.15-19.50 13.15-19.50 \u00a0 13.15-19.50 \u00a0 Jolanta Grab\u0161tunovi\u010dien\u0117 14.30-19.30 \u00a0 \u00a0 \u00a0 \u00a0 Vida Ivanovskaja 13.15-19.50 14.05-19.00 \u00a0 13.15-19.50 14.05-19.00 Lijana Jomantien\u0117 13.30-19.50 13.15-17.20 \u00a0 13.15-19.00 13.15-17.40 Ala Sereda 14.05-18.40 14.05-18.10 \u00a0 14.05-19.20 14.05-18.10 [&hellip;]<\/p>\n<div class=\"placiaukategorijos\"><a href=\"https:\/\/smmm.lt\/en\/mokytoju-pamoku-tvarkarastis\/\">Pla\u010diau...<\/a><\/div>","protected":false},"author":1,"featured_media":0,"parent":0,"menu_order":0,"comment_status":"open","ping_status":"open","template":"","meta":{"_acf_changed":false,"footnotes":""},"class_list":["post-121","page","type-page","status-publish","hentry"],"acf":[],"_links":{"self":[{"href":"https:\/\/smmm.lt\/en\/wp-json\/wp\/v2\/pages\/121","targetHints":{"allow":["GET"]}}],"collection":[{"href":"https:\/\/smmm.lt\/en\/wp-json\/wp\/v2\/pages"}],"about":[{"href":"https:\/\/smmm.lt\/en\/wp-json\/wp\/v2\/types\/page"}],"author":[{"embeddable":true,"href":"https:\/\/smmm.lt\/en\/wp-json\/wp\/v2\/users\/1"}],"replies":[{"embeddable":true,"href":"https:\/\/smmm.lt\/en\/wp-json\/wp\/v2\/comments?post=121"}],"version-history":[{"count":4,"href":"https:\/\/smmm.lt\/en\/wp-json\/wp\/v2\/pages\/121\/revisions"}],"predecessor-version":[{"id":169,"href":"https:\/\/smmm.lt\/en\/wp-json\/wp\/v2\/pages\/121\/revisions\/169"}],"wp:attachment":[{"href":"https:\/\/smmm.lt\/en\/wp-json\/wp\/v2\/media?parent=121"}],"curies":[{"name":"wp","href":"https:\/\/api.w.org\/{rel}","templated":true}]}}