



{"id":129,"date":"2015-03-30T10:51:01","date_gmt":"2015-03-30T10:51:01","guid":{"rendered":"http:\/\/miniart.lt\/smmm\/?page_id=129"},"modified":"2015-03-30T12:08:34","modified_gmt":"2015-03-30T12:08:34","slug":"mokyklos-svarbus-dokumentai","status":"publish","type":"page","link":"https:\/\/smmm.lt\/en\/mokyklos-svarbus-dokumentai\/","title":{"rendered":"Mokyklos svarb\u016bs dokumentai"},"content":{"rendered":"<p><a href=\"http:\/\/miniart.lt\/smmm\/wp-content\/uploads\/2015\/03\/\u0160AL\u010cININK\u0172-S.MONIU\u0160KOS-MEN\u0172-MOKYKLA-MOKYKLOS-TARYBOS-NUOSTATAI.doc\">\u0160AL\u010cININK\u0172 S.MONIU\u0160KOS MEN\u0172 MOKYKLA MOKYKLOS TARYBOS NUOSTATAI<\/a><\/p>\n<p>&nbsp;<\/p>\n<p><a href=\"http:\/\/miniart.lt\/smmm\/wp-content\/uploads\/2015\/03\/SPRENDIMAS-D\u0116L-\u0160AL\u010cININK\u0172-STANISLAVO-MONIU\u0160KOS-MEN\u0172-MOKYKLOS-NUOSTAT\u0172-PATVIRTINIMO.docm\">SPRENDIMAS D\u0116L \u0160AL\u010cININK\u0172 STANISLAVO MONIU\u0160KOS MEN\u0172 MOKYKLOS NUOSTAT\u0172 PATVIRTINIMO<\/a><\/p>\n<p>&nbsp;<\/p>\n<p><a href=\"http:\/\/miniart.lt\/smmm\/wp-content\/uploads\/2015\/03\/\u0160AL\u010cININK\u0172-STANISLAVO-MONIU\u0160KOS-MEN\u0172-MOKYKLOS-2014-2017-MET\u0172-STRATEGINIS-PLANAS.docm\">\u0160AL\u010cININK\u0172 STANISLAVO MONIU\u0160KOS MEN\u0172 MOKYKLOS 2014-2017 MET\u0172 STRATEGINIS PLANAS<\/a><\/p>\n<p>&nbsp;<\/p>\n<p><a href=\"http:\/\/miniart.lt\/smmm\/wp-content\/uploads\/2015\/03\/\u0160AL\u010cININK\u0172-STANISLAVO-MONIU\u0160KOS-MEN\u0172-MOKYKLOS-2014-2015-M.M.UGDYMO-PLANAI.doc\">\u0160AL\u010cININK\u0172 STANISLAVO MONIU\u0160KOS MEN\u0172 MOKYKLOS 2014-2015 M.M.UGDYMO PLANAI<\/a><\/p>\n","protected":false},"excerpt":{"rendered":"<p>\u0160AL\u010cININK\u0172 S.MONIU\u0160KOS MEN\u0172 MOKYKLA MOKYKLOS TARYBOS NUOSTATAI &nbsp; SPRENDIMAS D\u0116L \u0160AL\u010cININK\u0172 STANISLAVO MONIU\u0160KOS MEN\u0172 MOKYKLOS NUOSTAT\u0172 PATVIRTINIMO &nbsp; \u0160AL\u010cININK\u0172 STANISLAVO MONIU\u0160KOS MEN\u0172 MOKYKLOS 2014-2017 MET\u0172 STRATEGINIS PLANAS &nbsp; \u0160AL\u010cININK\u0172 STANISLAVO MONIU\u0160KOS MEN\u0172 MOKYKLOS 2014-2015 M.M.UGDYMO PLANAI<\/p>\n<div class=\"placiaukategorijos\"><a href=\"https:\/\/smmm.lt\/en\/mokyklos-svarbus-dokumentai\/\">Pla\u010diau...<\/a><\/div>","protected":false},"author":1,"featured_media":0,"parent":0,"menu_order":0,"comment_status":"open","ping_status":"open","template":"","meta":{"_acf_changed":false,"footnotes":""},"class_list":["post-129","page","type-page","status-publish","hentry"],"acf":[],"_links":{"self":[{"href":"https:\/\/smmm.lt\/en\/wp-json\/wp\/v2\/pages\/129","targetHints":{"allow":["GET"]}}],"collection":[{"href":"https:\/\/smmm.lt\/en\/wp-json\/wp\/v2\/pages"}],"about":[{"href":"https:\/\/smmm.lt\/en\/wp-json\/wp\/v2\/types\/page"}],"author":[{"embeddable":true,"href":"https:\/\/smmm.lt\/en\/wp-json\/wp\/v2\/users\/1"}],"replies":[{"embeddable":true,"href":"https:\/\/smmm.lt\/en\/wp-json\/wp\/v2\/comments?post=129"}],"version-history":[{"count":3,"href":"https:\/\/smmm.lt\/en\/wp-json\/wp\/v2\/pages\/129\/revisions"}],"predecessor-version":[{"id":171,"href":"https:\/\/smmm.lt\/en\/wp-json\/wp\/v2\/pages\/129\/revisions\/171"}],"wp:attachment":[{"href":"https:\/\/smmm.lt\/en\/wp-json\/wp\/v2\/media?parent=129"}],"curies":[{"name":"wp","href":"https:\/\/api.w.org\/{rel}","templated":true}]}}