



{"id":134,"date":"2015-03-30T10:52:41","date_gmt":"2015-03-30T10:52:41","guid":{"rendered":"http:\/\/miniart.lt\/smmm\/?page_id=134"},"modified":"2015-03-30T10:52:41","modified_gmt":"2015-03-30T10:52:41","slug":"veiklos-ataskaitos","status":"publish","type":"page","link":"https:\/\/smmm.lt\/en\/veiklos-ataskaitos\/","title":{"rendered":"Veiklos ataskaitos"},"content":{"rendered":"<p><a href=\"http:\/\/miniart.lt\/smmm\/wp-content\/uploads\/2015\/03\/\u0160AL\u010cININK\u0172-STANISLAVO-MONIU\u0160KOS-MEN\u0172-MOKYKLOS-2014-2015-M.M.-VEIKLOS-PLANAS.docm\">\u0160AL\u010cININK\u0172 STANISLAVO MONIU\u0160KOS MEN\u0172 MOKYKLOS 2014-2015 M.M. VEIKLOS PLANAS<\/a><\/p>\n<p>&nbsp;<\/p>\n","protected":false},"excerpt":{"rendered":"<p>\u0160AL\u010cININK\u0172 STANISLAVO MONIU\u0160KOS MEN\u0172 MOKYKLOS 2014-2015 M.M. VEIKLOS PLANAS &nbsp;<\/p>\n<div class=\"placiaukategorijos\"><a href=\"https:\/\/smmm.lt\/en\/veiklos-ataskaitos\/\">Pla\u010diau...<\/a><\/div>","protected":false},"author":1,"featured_media":0,"parent":0,"menu_order":0,"comment_status":"open","ping_status":"open","template":"","meta":{"_acf_changed":false,"footnotes":""},"class_list":["post-134","page","type-page","status-publish","hentry"],"acf":[],"_links":{"self":[{"href":"https:\/\/smmm.lt\/en\/wp-json\/wp\/v2\/pages\/134","targetHints":{"allow":["GET"]}}],"collection":[{"href":"https:\/\/smmm.lt\/en\/wp-json\/wp\/v2\/pages"}],"about":[{"href":"https:\/\/smmm.lt\/en\/wp-json\/wp\/v2\/types\/page"}],"author":[{"embeddable":true,"href":"https:\/\/smmm.lt\/en\/wp-json\/wp\/v2\/users\/1"}],"replies":[{"embeddable":true,"href":"https:\/\/smmm.lt\/en\/wp-json\/wp\/v2\/comments?post=134"}],"version-history":[{"count":1,"href":"https:\/\/smmm.lt\/en\/wp-json\/wp\/v2\/pages\/134\/revisions"}],"predecessor-version":[{"id":136,"href":"https:\/\/smmm.lt\/en\/wp-json\/wp\/v2\/pages\/134\/revisions\/136"}],"wp:attachment":[{"href":"https:\/\/smmm.lt\/en\/wp-json\/wp\/v2\/media?parent=134"}],"curies":[{"name":"wp","href":"https:\/\/api.w.org\/{rel}","templated":true}]}}