



{"id":208,"date":"2015-04-02T06:08:02","date_gmt":"2015-04-02T06:08:02","guid":{"rendered":"http:\/\/miniart.lt\/smmm\/?page_id=208"},"modified":"2015-04-02T06:08:02","modified_gmt":"2015-04-02T06:08:02","slug":"nuostatai","status":"publish","type":"page","link":"https:\/\/smmm.lt\/en\/nuostatai\/","title":{"rendered":"Nuostatai"},"content":{"rendered":"<p><a href=\"http:\/\/miniart.lt\/smmm\/wp-content\/uploads\/2015\/04\/\u0160AL\u010cININK\u0172-S.MONIU\u0160KOS-MEN\u0172-MOKYKLA-MOKYKLOS-TARYBOS-NUOSTATAI.doc\">\u0160AL\u010cININK\u0172 S. MONIU\u0160KOS MEN\u0172 MOKYKLA MOKYKLOS TARYBOS NUOSTATAI<\/a><\/p>\n<p><a href=\"http:\/\/miniart.lt\/smmm\/wp-content\/uploads\/2015\/04\/\u0160AL\u010cININK\u0172-S.MONIU\u0160KOS-MEN\u0172-MOKYKLOS-MOKYTOJ\u0172-TARYBOS-NUOSTATAI.doc\">\u0160AL\u010cININK\u0172 S.MONIU\u0160KOS MEN\u0172 MOKYKLOS MOKYTOJ\u0172 TARYBOS NUOSTATAI<\/a><\/p>\n<p><a href=\"http:\/\/miniart.lt\/smmm\/wp-content\/uploads\/2015\/04\/\u0160AL\u010cININK\u0172-S.MONIU\u0160KOS-MEN\u0172-MOKYKLOS-METODIN\u0116S-DIREKCIN\u0116STARYBOS-NUOSTATAI.doc\">\u0160AL\u010cININK\u0172 S.MONIU\u0160KOS MEN\u0172 MOKYKLOS METODIN\u0116S (DIREKCIN\u0116S)TARYBOS NUOSTATAI<\/a><\/p>\n<p>&nbsp;<\/p>\n","protected":false},"excerpt":{"rendered":"<p>\u0160AL\u010cININK\u0172 S. MONIU\u0160KOS MEN\u0172 MOKYKLA MOKYKLOS TARYBOS NUOSTATAI \u0160AL\u010cININK\u0172 S.MONIU\u0160KOS MEN\u0172 MOKYKLOS MOKYTOJ\u0172 TARYBOS NUOSTATAI \u0160AL\u010cININK\u0172 S.MONIU\u0160KOS MEN\u0172 MOKYKLOS METODIN\u0116S (DIREKCIN\u0116S)TARYBOS NUOSTATAI &nbsp;<\/p>\n<div class=\"placiaukategorijos\"><a href=\"https:\/\/smmm.lt\/en\/nuostatai\/\">Pla\u010diau...<\/a><\/div>","protected":false},"author":1,"featured_media":0,"parent":0,"menu_order":0,"comment_status":"open","ping_status":"open","template":"","meta":{"_acf_changed":false,"footnotes":""},"class_list":["post-208","page","type-page","status-publish","hentry"],"acf":[],"_links":{"self":[{"href":"https:\/\/smmm.lt\/en\/wp-json\/wp\/v2\/pages\/208","targetHints":{"allow":["GET"]}}],"collection":[{"href":"https:\/\/smmm.lt\/en\/wp-json\/wp\/v2\/pages"}],"about":[{"href":"https:\/\/smmm.lt\/en\/wp-json\/wp\/v2\/types\/page"}],"author":[{"embeddable":true,"href":"https:\/\/smmm.lt\/en\/wp-json\/wp\/v2\/users\/1"}],"replies":[{"embeddable":true,"href":"https:\/\/smmm.lt\/en\/wp-json\/wp\/v2\/comments?post=208"}],"version-history":[{"count":1,"href":"https:\/\/smmm.lt\/en\/wp-json\/wp\/v2\/pages\/208\/revisions"}],"predecessor-version":[{"id":213,"href":"https:\/\/smmm.lt\/en\/wp-json\/wp\/v2\/pages\/208\/revisions\/213"}],"wp:attachment":[{"href":"https:\/\/smmm.lt\/en\/wp-json\/wp\/v2\/media?parent=208"}],"curies":[{"name":"wp","href":"https:\/\/api.w.org\/{rel}","templated":true}]}}