



{"id":24,"date":"2015-03-25T07:59:11","date_gmt":"2015-03-25T07:59:11","guid":{"rendered":"http:\/\/miniart.lt\/smmm\/?page_id=24"},"modified":"2015-03-25T08:00:03","modified_gmt":"2015-03-25T08:00:03","slug":"versija-neigaliesiems","status":"publish","type":"page","link":"https:\/\/smmm.lt\/en\/versija-neigaliesiems\/","title":{"rendered":"Versija ne\u012fgaliesiems"},"content":{"rendered":"<p>Pritaikymo ne\u012fgaliesiems spartieji klavi\u0161ai<br \/>\nPenkis kartus paspauskite klavi\u0161\u0105 SHIFT: \u012fjungia ir i\u0161jungia klavi\u0161\u0173 fiksavim\u0105<br \/>\nLaikykite nuspaud\u0119 klavi\u0161\u0105 SHIFT a\u0161tuonias sekundes: \u012fjungia ir i\u0161jungia klavi\u0161\u0173 filtravim\u0105<br \/>\nLaikykite nuspaud\u0119 klavi\u0161\u0105 NUM LOCK penkias sekundes: \u012fjungia ir i\u0161jungia perjungimo \u012fgarsinim\u0105<br \/>\nKairysis ALT+kairysis SHIFT+NUM LOCK: \u012fjungia ir i\u0161jungia pel\u0117s imitavim\u0105 klaviat\u016bra<br \/>\nKairysis ALT+kairysis SHIFT+PRINT SCREEN: \u012fjungia ir i\u0161jungia kontrasting\u0105 vaizd\u0105<br \/>\nKitos klavi\u0161\u0173 kombinacijos<br \/>\nF1 \u2013 i\u0161kvie\u010diamas \u017einynas.<br \/>\nF2 \u2013 pervadinti pasirinkto katalogo ar failo pavadinim\u0105.<br \/>\nF3 \u2013 darbalaukyje atveriamas byl\u0173 paie\u0161kos langas.<br \/>\nF5 \u2013 atnaujinamas vaizdas (\u201erefresh\u201c).<br \/>\nF10 \u2013 atidaromas programos meniu.<br \/>\nCtrl + A \u2013 pa\u017eymimi visi darbalaukio objektai.<br \/>\nAlt + Enter \u2013 atver\u010diamas objekto savybi\u0173 skydelis.<br \/>\nAlt \u2013 pabraukta raid\u0117 i\u0161 meniu \u2013 pasirenkamas meniu skyrius.<br \/>\nAlt + F4 \u2013 U\u017edaromas langas.<br \/>\nCtrl + C \u2013 pa\u017eym\u0117ti objektai kopijuojami \u012f kompiuterio atmint\u012f.<br \/>\nCtrl + V \u2013 \u012f pasirinkt\u0105j\u0105 viet\u0105 i\u0161 nukopijuoti objektai \u012fklijuojami.<br \/>\nDelete \u2013 i\u0161trinamas pasirinktas objektas.<br \/>\nCtrl + D \u2013 i\u0161trinamas pasirinktas objektas.<br \/>\nAlt + Tarpas \u2013 atveriamas lango meniu.<br \/>\nShift + F10 \u2013 atveriamas pa\u017eym\u0117to objekto meniu.<br \/>\nCtrl + Esc \u2013 i\u0161kvie\u010diamas \u201eStart\u201c meniu.<br \/>\nAlt + Tab \u2013 pasirinkti kit\u0105 lang\u0105.<br \/>\nCtrl + Z \u2013 at\u0161aukiamas paskutinis veiksmas.<\/p>\n","protected":false},"excerpt":{"rendered":"<p>Pritaikymo ne\u012fgaliesiems spartieji klavi\u0161ai Penkis kartus paspauskite klavi\u0161\u0105 SHIFT: \u012fjungia ir i\u0161jungia klavi\u0161\u0173 fiksavim\u0105 Laikykite nuspaud\u0119 klavi\u0161\u0105 SHIFT a\u0161tuonias sekundes: \u012fjungia ir i\u0161jungia klavi\u0161\u0173 filtravim\u0105 Laikykite nuspaud\u0119 klavi\u0161\u0105 NUM LOCK penkias sekundes: \u012fjungia ir i\u0161jungia perjungimo \u012fgarsinim\u0105 Kairysis ALT+kairysis SHIFT+NUM LOCK: \u012fjungia ir i\u0161jungia pel\u0117s imitavim\u0105 klaviat\u016bra Kairysis ALT+kairysis SHIFT+PRINT SCREEN: \u012fjungia ir i\u0161jungia kontrasting\u0105 [&hellip;]<\/p>\n<div class=\"placiaukategorijos\"><a href=\"https:\/\/smmm.lt\/en\/versija-neigaliesiems\/\">Pla\u010diau...<\/a><\/div>","protected":false},"author":1,"featured_media":0,"parent":0,"menu_order":0,"comment_status":"open","ping_status":"open","template":"","meta":{"_acf_changed":false,"footnotes":""},"class_list":["post-24","page","type-page","status-publish","hentry"],"acf":[],"_links":{"self":[{"href":"https:\/\/smmm.lt\/en\/wp-json\/wp\/v2\/pages\/24","targetHints":{"allow":["GET"]}}],"collection":[{"href":"https:\/\/smmm.lt\/en\/wp-json\/wp\/v2\/pages"}],"about":[{"href":"https:\/\/smmm.lt\/en\/wp-json\/wp\/v2\/types\/page"}],"author":[{"embeddable":true,"href":"https:\/\/smmm.lt\/en\/wp-json\/wp\/v2\/users\/1"}],"replies":[{"embeddable":true,"href":"https:\/\/smmm.lt\/en\/wp-json\/wp\/v2\/comments?post=24"}],"version-history":[{"count":2,"href":"https:\/\/smmm.lt\/en\/wp-json\/wp\/v2\/pages\/24\/revisions"}],"predecessor-version":[{"id":26,"href":"https:\/\/smmm.lt\/en\/wp-json\/wp\/v2\/pages\/24\/revisions\/26"}],"wp:attachment":[{"href":"https:\/\/smmm.lt\/en\/wp-json\/wp\/v2\/media?parent=24"}],"curies":[{"name":"wp","href":"https:\/\/api.w.org\/{rel}","templated":true}]}}