



{"id":5,"date":"2015-03-25T07:56:03","date_gmt":"2015-03-25T07:56:03","guid":{"rendered":"http:\/\/miniart.lt\/smmm\/?page_id=5"},"modified":"2015-05-28T12:22:51","modified_gmt":"2015-05-28T12:22:51","slug":"paslaugos","status":"publish","type":"page","link":"https:\/\/smmm.lt\/en\/paslaugos\/","title":{"rendered":"Services"},"content":{"rendered":"<p>Muzikiniuose, dail\u0117s ir choreografijos skyriuose vykdomos programos:<br \/><strong>Pradinio ugdymo<\/strong> (trukm\u0117 3 metai)<br \/><strong>Pagrindinio ugdymo<\/strong> (trukm\u0117 4 metai)<br \/>atsi\u017evelgusi \u012f bendruomen\u0117s poreikius, mokykla gali vykdyti ankstyvojo (5-7 met\u0173 vaikams) ir i\u0161pl\u0117stinio ugdymo program\u0105. I\u0161pl\u0117stinio ugdymo programa si\u016bloma mokiniams, baigusiems pagrindinio meninio ugdymo kurs\u0105, turintiems muzikini\u0173 gabum\u0173, pasiekim\u0173 ir pageidaujantiems pl\u0117toti \u012fgytus menin\u0117s savirai\u0161kos geb\u0117jimus bei laisvalaikio kult\u016bros pl\u0117totei.<\/p>\n","protected":false},"excerpt":{"rendered":"<p>Muzikiniuose, dail\u0117s ir choreografijos skyriuose vykdomos programos:Pradinio ugdymo (trukm\u0117 3 metai)Pagrindinio ugdymo (trukm\u0117 4 metai)atsi\u017evelgusi \u012f bendruomen\u0117s poreikius, mokykla gali vykdyti ankstyvojo (5-7 met\u0173 vaikams) ir i\u0161pl\u0117stinio ugdymo program\u0105. I\u0161pl\u0117stinio ugdymo programa si\u016bloma mokiniams, baigusiems pagrindinio meninio ugdymo kurs\u0105, turintiems muzikini\u0173 gabum\u0173, pasiekim\u0173 ir pageidaujantiems pl\u0117toti \u012fgytus menin\u0117s savirai\u0161kos geb\u0117jimus bei laisvalaikio kult\u016bros pl\u0117totei.<\/p>\n<div class=\"placiaukategorijos\"><a href=\"https:\/\/smmm.lt\/en\/paslaugos\/\">Pla\u010diau...<\/a><\/div>","protected":false},"author":1,"featured_media":0,"parent":0,"menu_order":0,"comment_status":"open","ping_status":"open","template":"","meta":{"_acf_changed":false,"footnotes":""},"class_list":["post-5","page","type-page","status-publish","hentry"],"acf":[],"_links":{"self":[{"href":"https:\/\/smmm.lt\/en\/wp-json\/wp\/v2\/pages\/5","targetHints":{"allow":["GET"]}}],"collection":[{"href":"https:\/\/smmm.lt\/en\/wp-json\/wp\/v2\/pages"}],"about":[{"href":"https:\/\/smmm.lt\/en\/wp-json\/wp\/v2\/types\/page"}],"author":[{"embeddable":true,"href":"https:\/\/smmm.lt\/en\/wp-json\/wp\/v2\/users\/1"}],"replies":[{"embeddable":true,"href":"https:\/\/smmm.lt\/en\/wp-json\/wp\/v2\/comments?post=5"}],"version-history":[{"count":3,"href":"https:\/\/smmm.lt\/en\/wp-json\/wp\/v2\/pages\/5\/revisions"}],"predecessor-version":[{"id":493,"href":"https:\/\/smmm.lt\/en\/wp-json\/wp\/v2\/pages\/5\/revisions\/493"}],"wp:attachment":[{"href":"https:\/\/smmm.lt\/en\/wp-json\/wp\/v2\/media?parent=5"}],"curies":[{"name":"wp","href":"https:\/\/api.w.org\/{rel}","templated":true}]}}