



{"id":64,"date":"2015-03-30T09:56:21","date_gmt":"2015-03-30T09:56:21","guid":{"rendered":"http:\/\/miniart.lt\/smmm\/?page_id=64"},"modified":"2015-03-30T09:56:21","modified_gmt":"2015-03-30T09:56:21","slug":"mokyklos-misija-vizija","status":"publish","type":"page","link":"https:\/\/smmm.lt\/en\/mokyklos-misija-vizija\/","title":{"rendered":"Mokyklos misija, vizija"},"content":{"rendered":"<p><strong>MOKYKLOS MISIJA<\/strong><\/p>\n<ul>\n<li>\u0160al\u010dinink\u0173 S. Moniu\u0161kos men\u0173 mokykla \u2013 harmoninga ir demokrati\u0161ka meninio ugdymo institucija, teikianti neformaliojo \u0161vietimo paslaugas, ugdanti atsaking\u0105 ir savaranki\u0161kai k\u016brybi\u0161k\u0105 asmenyb\u0119, suteikianti pradin\u0119 menin\u0119 kompetencij\u0105, ugdanti savaranki\u0161kum\u0105 ir iniciatyvum\u0105, mokanti ugdytinius bendrauti ir bendradarbiauti.<\/li>\n<\/ul>\n<p>&nbsp;<\/p>\n<p><strong>MOKYKLOS VIZIJA<\/strong><\/p>\n<ul>\n<li>I\u0161likti unikalia menin\u0117s krypties ugdymo institucija rajone; garsinti \u0160al\u010dinink\u0173 vard\u0105 apskrityje, respublikoje ir u\u017e jos rib\u0173; skatinti kiekvien\u0105 bendruomen\u0117s nar\u012f \u201eMokytis vis\u0105 gyvenim\u0105\u201c; meno mokykla \u2013 projektuojanti kait\u0105 ir prisiimanti atsakomyb\u0119 u\u017e ugdymo tiksl\u0173 vykdym\u0105 ir j\u0173 rezultatus. Mokykla \u2013 kult\u016bros ir metodikos centras, bendradarbiaujantis su \u012fvairiomis \u0161alies ir u\u017esienio institucijomis. <\/li>\n<\/ul>\n","protected":false},"excerpt":{"rendered":"<p>MOKYKLOS MISIJA \u0160al\u010dinink\u0173 S. Moniu\u0161kos men\u0173 mokykla \u2013 harmoninga ir demokrati\u0161ka meninio ugdymo institucija, teikianti neformaliojo \u0161vietimo paslaugas, ugdanti atsaking\u0105 ir savaranki\u0161kai k\u016brybi\u0161k\u0105 asmenyb\u0119, suteikianti pradin\u0119 menin\u0119 kompetencij\u0105, ugdanti savaranki\u0161kum\u0105 ir iniciatyvum\u0105, mokanti ugdytinius bendrauti ir bendradarbiauti. &nbsp; MOKYKLOS VIZIJA I\u0161likti unikalia menin\u0117s krypties ugdymo institucija rajone; garsinti \u0160al\u010dinink\u0173 vard\u0105 apskrityje, respublikoje ir u\u017e jos [&hellip;]<\/p>\n<div class=\"placiaukategorijos\"><a href=\"https:\/\/smmm.lt\/en\/mokyklos-misija-vizija\/\">Pla\u010diau...<\/a><\/div>","protected":false},"author":1,"featured_media":0,"parent":0,"menu_order":0,"comment_status":"open","ping_status":"open","template":"","meta":{"_acf_changed":false,"footnotes":""},"class_list":["post-64","page","type-page","status-publish","hentry"],"acf":[],"_links":{"self":[{"href":"https:\/\/smmm.lt\/en\/wp-json\/wp\/v2\/pages\/64","targetHints":{"allow":["GET"]}}],"collection":[{"href":"https:\/\/smmm.lt\/en\/wp-json\/wp\/v2\/pages"}],"about":[{"href":"https:\/\/smmm.lt\/en\/wp-json\/wp\/v2\/types\/page"}],"author":[{"embeddable":true,"href":"https:\/\/smmm.lt\/en\/wp-json\/wp\/v2\/users\/1"}],"replies":[{"embeddable":true,"href":"https:\/\/smmm.lt\/en\/wp-json\/wp\/v2\/comments?post=64"}],"version-history":[{"count":1,"href":"https:\/\/smmm.lt\/en\/wp-json\/wp\/v2\/pages\/64\/revisions"}],"predecessor-version":[{"id":65,"href":"https:\/\/smmm.lt\/en\/wp-json\/wp\/v2\/pages\/64\/revisions\/65"}],"wp:attachment":[{"href":"https:\/\/smmm.lt\/en\/wp-json\/wp\/v2\/media?parent=64"}],"curies":[{"name":"wp","href":"https:\/\/api.w.org\/{rel}","templated":true}]}}