



{"id":89,"date":"2015-03-30T10:05:28","date_gmt":"2015-03-30T10:05:28","guid":{"rendered":"http:\/\/miniart.lt\/smmm\/?page_id=89"},"modified":"2015-03-30T12:32:28","modified_gmt":"2015-03-30T12:32:28","slug":"nauju-mokiniu-priemimas","status":"publish","type":"page","link":"https:\/\/smmm.lt\/en\/nauju-mokiniu-priemimas\/","title":{"rendered":"Nauj\u0173 mokini\u0173 pri\u0117mimas"},"content":{"rendered":"<p style=\"text-align: center;\"><strong>PRI\u0116MIMAS \u012e \u0160AL\u010cININK\u0172 S. MONIU\u0160KOS MEN\u0172 MOKYKL\u0104<\/strong><\/p>\n<p>Mokini\u0173 pri\u0117mimas \u012f mokykl\u0105 vykdomas remiantis \u0160al\u010dinink\u0173 rajono savivaldyb\u0117s tarybos 2013 m.\u00a0 baland\u017eio 26 d. sprendimu Nr. T-740\u00a0\u00a0\u00a0 \u201eD\u0117l moksleivi\u0173 pri\u0117mimo \u012f \u0160al\u010dinink\u0173 rajono savivaldyb\u0117s neformaliojo vaik\u0173 \u0161vietimo mokyklas tvarkos apra\u0161o patvirtinimo\u201c<\/p>\n<p><em>Pri\u0117mimo tvarkos apra\u0161as.<\/em><\/p>\n<ul>\n<li>Apie mokykloje vykdomas programas, j\u0173 trukm\u0119 J\u016bs galite su\u017einoti mokyklos svetain\u0117je.<\/li>\n<li>Mokykloje nustatytas m\u0117nesinis 14,48 EUR. mokestis u\u017e teikiam\u0105 neformal\u0173j\u012f \u0161vietim\u0105.<\/li>\n<li>Apie mokini\u0173 atleidim\u0105 nuo mokes\u010dio arba mokes\u010dio ma\u017einim\u0105\u00a0 skaitykite <strong><a href=\"http:\/\/miniart.lt\/smmm\/wp-content\/uploads\/2015\/03\/mokestis-uz-moksla.doc\" target=\"_blank\">\u010dia<\/a><\/strong><\/li>\n<li>Pra\u0161ymai d\u0117l pri\u0117mimo \u012f mokykl\u0105 priimami nuo gegu\u017e\u0117s 1 dienos.<\/li>\n<li>Pra\u0161ymo form\u0105 J\u016bs galite rasti mokyklos svetain\u0117je <strong><a href=\"http:\/\/miniart.lt\/smmm\/wp-content\/uploads\/2015\/03\/tevu-prasymas.doc\" target=\"_blank\">\u010dia<\/a><\/strong>. <br \/>\u00a0Su pra\u0161ymu pateikiami:<\/li>\n<li>Gimimo liudijimo arba paso (tapatyb\u0117s kortel\u0117s) kopija;<\/li>\n<li>Vaiko sveikatos b\u016bkl\u0117s pa\u017eyma;<\/li>\n<li>1 nuotrauka (dokumentin\u0117).<\/li>\n<\/ul>\n<p>Dokumentus galite teikti iki gegu\u017e\u0117s 30 dienos kiekvien\u0105 darbo dien\u0105 nuo 8.30 &#8211; 16.00 (piet\u0173 pertrauka 12.00-13.00)\u00a0 mokyklos administracijoje (sekretorei), adresas: Plento g. 5, \u0160al\u010dininkai,\u00a0 tel. 838051408.<br \/>Komisija vie\u0161ai paskelbia priimt\u0173 mokini\u0173 s\u0105ra\u0161us mokyklos skelbim\u0173 lentoje ir interneto svetain\u0117s skelbimuose.<\/p>\n<p>Nesurinkus reikiamo mokini\u0173 skai\u010diaus, gali b\u016bti skelbiamas papildomas pri\u0117mimas rugs\u0117jo prad\u017eioje (skelbiama interneto svetain\u0117je).<\/p>\n<p>&nbsp;<\/p>\n<p>&nbsp;<\/p>\n<p style=\"text-align: center;\"><strong>MOKINI\u0172, STOJAN\u010cI\u0172 \u012e MUZIKOS SKYRIUS,<\/strong><br \/><strong>VERTINIMO KRITERIJAI<\/strong><\/p>\n<p>&nbsp;<\/p>\n<p><em>1. Muzikin\u0117s atminties tikrinimas. Dainel\u0117s dainavimas.<\/em> <br \/>Vaikas turi be instrumento padainuoti savo pasirinkt\u0105 nesud\u0117ting\u0105 dainel\u0119.<br \/><em>2. Muzikos garso atkartojimas.<\/em><br \/>Vaikas patogiame registre turi padainuoti mokytojo pianinu pagrotus ar balsu padainuotus garsus.<br \/><em>3. Melodijos pakartojimas.<\/em><br \/>Vaikas turi atkartoti pianinu pagrotas ar balsu padainuotas nesud\u0117tingas 4-6 gars\u0173 melodijas.<br \/><em>4. Ritmo poj\u016btis.<\/em><br \/>Vaikas turi pakartoti mokytojo i\u0161plotus 2-4 takt\u0173 ritminius darinius<br \/>(ketvirtin\u0117s, a\u0161tuntin\u0117s, \u0161e\u0161ioliktin\u0117s\u00a0 natos, pauz\u0117s, ta\u0161kuotas ritmas, sinkop\u0117s).<br \/><em>6. Geb\u0117jim\u0173 ir fizini\u0173 duomen\u0173 atitiktis pasirinktam instrumentui.<\/em><br \/>Pastaba: Pradin\u012f ugdym\u0105 rekomenduojame prad\u0117ti 7-9 met\u0173.<\/p>\n<p>&nbsp;<\/p>\n<p>&nbsp;<\/p>\n<p style=\"text-align: center;\"><strong>MOKINI\u0172, STOJAN\u010cI\u0172 \u012e DAIL\u0116S SKYRI\u0172,<\/strong><br \/><strong>VERTINIMO KRITERIJAI<\/strong><\/p>\n<p style=\"text-align: center;\">\u00a0<\/p>\n<p>Tikrinamas sugeb\u0117jimas skirti spalvas, komponavimo \u012fg\u016bd\u017eiai.<br \/><strong>1. Tapyba. Daikt\u0173 formos perteikimas \u0161viesa ir \u0161e\u0161\u0117liu.<\/strong><br \/>Vienos spalvos atspalvi\u0173 perteikimas.<br \/>Priemon\u0117s: \u012e egzamin\u0105 atsine\u0161ti: pie\u0161tukas, gua\u0161as, palet\u0117, teptukai, indelis vandeniui, 2 pie\u0161imo lapai A 3 formato.<br \/><strong>2. \u012e dail\u0117s egzamin\u0105 b\u016btina atsine\u0161ti nam\u0173 darbus ( pie\u0161inius, lipdinius).<\/strong><br \/>Pastabos : Pradin\u012f ugdym\u0105 rekomenduojame prad\u0117ti 9-12 met\u0173. Savaranki\u0161kai pasireng\u0119 mokiniai ir teigiamai \u012fvertinus j\u0173 darbus, komisijos gali b\u016bti pasi\u016blyta mokytis auk\u0161tesn\u0117je klas\u0117je.<\/p>\n<p>&nbsp;<\/p>\n<p>&nbsp;<\/p>\n<p style=\"text-align: center;\"><strong>MOKINI\u0172, STOJAN\u010cI\u0172 \u012e CHOREOGRAFIJOS SKYRI\u0172, <\/strong><br \/><strong>VERTINIMO KRITERIJAI<\/strong><\/p>\n<p>&nbsp;<\/p>\n<p>Fizini\u0173 duomen\u0173 atitiktis (keltis, \u017eingsnis, verstumas, \u0161uolis, lankstumas);<br \/>Ritmo poj\u016btis;<br \/>Muzikalumas;<br \/>K\u016bno proporcijos;<br \/>Sveikatos b\u016bkl\u0117.<br \/>Pastaba: Pradin\u012f ugdym\u0105 rekomenduojame prad\u0117ti 7-9 met\u0173.<\/p>\n","protected":false},"excerpt":{"rendered":"<p>PRI\u0116MIMAS \u012e \u0160AL\u010cININK\u0172 S. MONIU\u0160KOS MEN\u0172 MOKYKL\u0104 Mokini\u0173 pri\u0117mimas \u012f mokykl\u0105 vykdomas remiantis \u0160al\u010dinink\u0173 rajono savivaldyb\u0117s tarybos 2013 m.\u00a0 baland\u017eio 26 d. sprendimu Nr. T-740\u00a0\u00a0\u00a0 \u201eD\u0117l moksleivi\u0173 pri\u0117mimo \u012f \u0160al\u010dinink\u0173 rajono savivaldyb\u0117s neformaliojo vaik\u0173 \u0161vietimo mokyklas tvarkos apra\u0161o patvirtinimo\u201c Pri\u0117mimo tvarkos apra\u0161as. Apie mokykloje vykdomas programas, j\u0173 trukm\u0119 J\u016bs galite su\u017einoti mokyklos svetain\u0117je. Mokykloje nustatytas [&hellip;]<\/p>\n<div class=\"placiaukategorijos\"><a href=\"https:\/\/smmm.lt\/en\/nauju-mokiniu-priemimas\/\">Pla\u010diau...<\/a><\/div>","protected":false},"author":1,"featured_media":0,"parent":0,"menu_order":0,"comment_status":"open","ping_status":"open","template":"","meta":{"_acf_changed":false,"footnotes":""},"class_list":["post-89","page","type-page","status-publish","hentry"],"acf":[],"_links":{"self":[{"href":"https:\/\/smmm.lt\/en\/wp-json\/wp\/v2\/pages\/89","targetHints":{"allow":["GET"]}}],"collection":[{"href":"https:\/\/smmm.lt\/en\/wp-json\/wp\/v2\/pages"}],"about":[{"href":"https:\/\/smmm.lt\/en\/wp-json\/wp\/v2\/types\/page"}],"author":[{"embeddable":true,"href":"https:\/\/smmm.lt\/en\/wp-json\/wp\/v2\/users\/1"}],"replies":[{"embeddable":true,"href":"https:\/\/smmm.lt\/en\/wp-json\/wp\/v2\/comments?post=89"}],"version-history":[{"count":10,"href":"https:\/\/smmm.lt\/en\/wp-json\/wp\/v2\/pages\/89\/revisions"}],"predecessor-version":[{"id":182,"href":"https:\/\/smmm.lt\/en\/wp-json\/wp\/v2\/pages\/89\/revisions\/182"}],"wp:attachment":[{"href":"https:\/\/smmm.lt\/en\/wp-json\/wp\/v2\/media?parent=89"}],"curies":[{"name":"wp","href":"https:\/\/api.w.org\/{rel}","templated":true}]}}