



{"id":9,"date":"2015-03-25T07:56:44","date_gmt":"2015-03-25T07:56:44","guid":{"rendered":"http:\/\/miniart.lt\/smmm\/?page_id=9"},"modified":"2015-05-28T12:21:19","modified_gmt":"2015-05-28T12:21:19","slug":"nuorodos","status":"publish","type":"page","link":"https:\/\/smmm.lt\/en\/nuorodos\/","title":{"rendered":"Links"},"content":{"rendered":"<ul>\n<li><span style=\"font-size: 14px;\"><a href=\"http:\/\/www.smm.lt\/\" target=\"_blank\">\u0160vietimo ir mokslo ministerija<\/a>\u00a0 (<a href=\"http:\/\/www.smm.lt\/\" target=\"_blank\">http:\/\/www.smm.lt\/<\/a>)<\/span><\/li>\n<li><span style=\"font-size: 14px;\"><span style=\"color: #990000;\">\u0160al\u010dinink\u0173 rajono<\/span><a href=\"http:\/\/www.vilnius.lt\/newvilniusweb\/index.php\/2\/?env=2\" target=\"_blank\">\u00a0savivaldyb\u0117<\/a>\u00a0 (<a href=\"http:\/\/www.salcininkai.lt\/\" target=\"_blank\">http:\/\/www.salcininkai.lt\/<\/a>)<\/span><\/li>\n<li><span style=\"font-size: 14px;\"><a href=\"http:\/\/www.lrkm.lt\/\" target=\"_blank\">Lietuvos Respublikos Kult\u016bros ministerija<\/a>\u00a0\u00a0 (<span style=\"color: #000000; font-family: Arial,Helvetica,sans-serif;\"><a href=\"http:\/\/www.lrkm.lt\/\" target=\"_blank\">http:\/\/www.lrkm.lt\/<\/a>)<\/span><\/span><\/li>\n<li><span style=\"font-size: 14px;\"><a href=\"http:\/\/www.upc.smm.lt\/\" target=\"_blank\">Ugdymo pl\u0117tot\u0117s centras<\/a>\u00a0(<a href=\"http:\/\/www.upc.smm.lt\/\" target=\"_blank\">http:\/\/www.upc.smm.<wbr \/>lt\/<\/a>)<\/span><\/li>\n<li><span style=\"font-size: 14px;\"><a href=\"http:\/\/www.lmma.ku.lt\/index.html\" target=\"_blank\">Lietuvos muzikos mokytoj\u0173 asociacija<\/a>\u00a0(<a href=\"http:\/\/www.lmma.ku.lt\/index.html\" target=\"_blank\">http:\/\/www.lmma.<wbr \/>ku.lt\/index.html<\/a>)<\/span><\/li>\n<li><span style=\"font-size: 14px;\"><a href=\"http:\/\/www.lsdps.lt\/\" target=\"_blank\">Lietuvos \u0161vietimo darbuotoj\u0173 profesin\u0117 s\u0105junga<\/a>\u00a0(<a href=\"http:\/\/www.lsdps.lt\/\" target=\"_blank\">http:\/\/www.lsdps.lt\/<\/a>)<\/span><\/li>\n<li><span style=\"font-size: 14px;\"><a href=\"http:\/\/portalas.emokykla.lt\/SitePages\/em_Puslapiai\/Naujienos.aspx\" target=\"_blank\">\u0160vietimo portalas<\/a>\u00a0 \u00a0(<a href=\"http:\/\/portalas.emokykla.lt\/SitePages\/em_Puslapiai\/Naujienos.aspx\" target=\"_blank\">http:\/\/portalas.emokykla.lt\/<wbr \/>SitePages\/em_Puslapiai\/<wbr \/>Naujienos.aspx<\/a>)<\/span><\/li>\n<\/ul>\n<p>KITOS NUORODOS: \u0161vietimo \u012fstaigos<\/p>\n<p>&nbsp;<\/p>\n<ul>\n<li><a href=\"http:\/\/lmta.lt\/web\/index.php\" target=\"_blank\">Lietuvos muzikos ir teatro akademija<\/a>\u00a0 (<a href=\"http:\/\/lmta.lt\/web\/index.php\" target=\"_blank\">http:\/\/lmta.lt\/web\/index.php<\/a>)<\/li>\n<li><a href=\"http:\/\/www.vilniaus.konservatorija.lt\/\" target=\"_blank\">Vilniaus Juozo Tallat-Kelp\u0161os konservatorija<\/a>\u00a0(<a href=\"http:\/\/www.konservatorija.lt\/\" target=\"_blank\">http:\/\/www.<wbr \/>konservatorija.lt\/<\/a>)<\/li>\n<li><a href=\"http:\/\/www.konservatorija.kaunas.lm.lt\/\" target=\"_blank\">Kauno apskrities Juozo Gruod\u017eio konservatorija<\/a>\u00a0(<a href=\"http:\/\/www.konservatorija.kaunas.lm.lt\/\" target=\"_blank\">http:\/\/www.<wbr \/>konservatorija.kaunas.lm.lt\/<\/a>)<\/li>\n<li><a href=\"http:\/\/simkus.ku.lt\/\" target=\"_blank\">Klaip\u0117dos Stasio \u0160imkaus konservatorija<\/a>\u00a0(<a href=\"http:\/\/klaipedoskonservatorija.lt\/\" target=\"_blank\">http:\/\/<wbr \/>klaipedoskonservatorija.lt\/<\/a>)<\/li>\n<li><a href=\"http:\/\/www.konservatorija.siauliai.lm.lt\/\" target=\"_blank\">\u0160iauli\u0173 konservatorija<\/a>\u00a0(<a href=\"http:\/\/sondeckis.lt\/\" target=\"_blank\">http:\/\/<wbr \/>sondeckis.lt\/<\/a>)<\/li>\n<li><a href=\"http:\/\/www.cmm.lt\/cms\/\" target=\"_blank\">Nacionalin\u0117 M. K. \u010ciurlionio men\u0173 mokykla<\/a>\u00a0 (<a href=\"http:\/\/www.cmm.lt\/cms\/lt\/\" target=\"_blank\">http:\/\/www.cmm.lt\/cms\/lt\/<\/a>)<\/li>\n<li><a href=\"http:\/\/www.dvariono.lt\/\" target=\"_blank\">Vilniaus Balio Dvariono de\u0161imtmet\u0117 muzikos mokykla<\/a>\u00a0 (<a href=\"http:\/\/www.dvariono.lt\/\" target=\"_blank\">http:\/\/www.dvariono.lt\/<\/a>)<\/li>\n<li><a href=\"http:\/\/www.azuoliukas.lt\/index.php\/azuoliuko_muzikos_mokykla\/muzikos_mokyklos_istorija\/64\" target=\"_blank\">\u0104\u017euoliuko muzikos mokykla<\/a>\u00a0 (<a href=\"http:\/\/www.azuoliukas.lt\/index.php\/azuoliuko_muzikos_mokykla\/muzikos_mokyklos_istorija\/64\" target=\"_blank\">http:\/\/www.azuoliukas.lt\/<wbr \/>index.php\/azuoliuko_muzikos_<wbr \/>mokykla\/muzikos_mokyklos_<wbr \/>istorija\/64<\/a>)<\/li>\n<li><a href=\"http:\/\/www.liepaites.lt\/\" target=\"_blank\">Vilniaus chorinio dainavimo mokykla &#8222;Liepait\u0117s&#8221;<\/a>\u00a0 (<a href=\"http:\/\/domains.lt\/liepaites.lt-lt.html\" target=\"_blank\">http:\/\/domains.lt\/liepaites.<wbr \/>lt-lt.html<\/a>)<\/li>\n<li><a href=\"http:\/\/www.karoliniskiu.vilnius.lm.lt\/\" target=\"_blank\">Vilniaus Karolini\u0161ki\u0173 muzikos mokykla<\/a>\u00a0 (<a href=\"http:\/\/www.karoliniskiu.vilnius.lm.lt\/\" target=\"_blank\">http:\/\/www.karoliniskiu.<wbr \/>vilnius.lm.lt\/<\/a>)<\/li>\n<li><a href=\"http:\/\/www.vamm.lt\/\" target=\"_blank\">Vilniaus Algirdo muzikos mokykla<\/a>\u00a0 (<a href=\"http:\/\/www.vamm.lt\/\" target=\"_blank\">http:\/\/www.vamm.lt\/<\/a>)<\/li>\n<li><a href=\"http:\/\/www.geocities.com\/Orfejas\/lyra\/\" target=\"_blank\">\u00a0Rudaminos meno mokykla<\/a>\u00a0 (<a href=\"http:\/\/www.rudamina-mem.vilniausr.lm.lt\/\" target=\"_blank\">http:\/\/www.rudamina-mem.<wbr \/>vilniausr.lm.lt\/<\/a>)<\/li>\n<li><span style=\"color: #990000;\">Ei\u0161i\u0161ki\u0173 muzikos mokykla<br \/><\/span><\/li>\n<li><span style=\"color: #990000;\">Ja\u0161i\u016bn\u0173 muzikos mokykla<\/span><\/li>\n<li><a href=\"http:\/\/www.geocities.com\/Orfejas\/lyra\/\" target=\"_blank\">Rudaminos meno mokykla<\/a>\u00a0 (<a href=\"http:\/\/www.rudamina-mem.vilniausr.lm.lt\/\" target=\"_blank\">http:\/\/www.rudamina-mem.<wbr \/>vilniausr.lm.lt\/<\/a>)<\/li>\n<\/ul>\n<p>KITOS NUORODOS: kanceliarin\u0117s \u012fstaigos<\/p>\n<div>\n<div>\n<ul>\n<li><a href=\"http:\/\/www.filharmonija.lt\/lt\/\" target=\"_blank\">Lietuvos nacionalin\u0117 filharmonija<\/a>\u00a0(<a href=\"http:\/\/www.filharmonija.lt\/lt\/pradzia.html\" target=\"_blank\">http:\/\/www.<wbr \/>filharmonija.lt\/lt\/pradzia.<wbr \/>html<\/a>)<\/li>\n<li><a href=\"http:\/\/www.opera.lt\/\" target=\"_blank\">Lietuvos nacionalinis operos ir baleto teatras<\/a>\u00a0(<a href=\"http:\/\/www.opera.lt\/\" target=\"_blank\">http:\/\/www.opera.lt\/<\/a>)<\/li>\n<li><a href=\"http:\/\/www.lvso.lt\/lt\/?pid=453\" target=\"_blank\">Vilniaus kongres\u0173 r\u016bmai<\/a>\u00a0(<a href=\"http:\/\/www.lvso.lt\/lt\/?pid=453\" target=\"_blank\">http:\/\/www.lvso.lt\/lt\/?<wbr \/>pid=453<\/a>)<\/li>\n<li><a href=\"http:\/\/www.vilniausrotuse.lt\/\" target=\"_blank\">Vilniaus rotu\u0161\u0117<\/a>\u00a0(<a href=\"http:\/\/www.vilniausrotuse.lt\/\" target=\"_blank\">http:\/\/www.<wbr \/>vilniausrotuse.lt\/<\/a>)<\/li>\n<\/ul>\n<p>KITOS NUORODOS: \u012evairios kult\u016bros \u012fstaigos<\/p>\n<p>&nbsp;<\/p>\n<ul>\n<li><a href=\"http:\/\/www.kultura.lt\/lt\/\" target=\"_blank\">Vilniaus mokytoj\u0173 namai<\/a>\u00a0(<a href=\"http:\/\/www.kultura.lt\/lt\/\" target=\"_blank\">http:\/\/www.kultura.lt\/<wbr \/>lt\/<\/a>)<\/li>\n<li><a href=\"http:\/\/www.polskidom.lt\/index.php\/lt\/apie-mus.html\" target=\"_blank\">Vilniaus lenk\u0173 kult\u016bros namai<\/a>\u00a0(<a href=\"http:\/\/www.polskidom.lt\/index.php\/lt\/apie-mus.html\" target=\"_blank\">http:\/\/www.polskidom.<wbr \/>lt\/index.php\/lt\/apie-mus.html<\/a>)<\/li>\n<li><a href=\"http:\/\/www.muziejai.lt\/vilnius\/vainiuno_muz.htm\" target=\"_blank\">Stasio Vaini\u016bno namai-muziejus<\/a>\u00a0(<a href=\"http:\/\/www.muziejai.lt\/vilnius\/vainiuno_muz.htm\" target=\"_blank\">http:\/\/www.<wbr \/>muziejai.lt\/vilnius\/vainiuno_<wbr \/>muz.htm<\/a>)<\/li>\n<li><a href=\"http:\/\/www.ltmkm.lt\/lt\/titulinis.html\" target=\"_blank\">Lietuvos teatro, muzikos ir kino muziejus<\/a>\u00a0(<a href=\"http:\/\/www.ltmkm.lt\/lt\/titulinis.html\" target=\"_blank\">http:\/\/www.ltmkm.lt\/<wbr \/>lt\/titulinis.html<\/a>)<\/li>\n<li><a href=\"http:\/\/www.llkc.lt\/\" target=\"_blank\">Lietuvos liaudies kult\u016bros centras<\/a>\u00a0 (<a href=\"http:\/\/www.llkc.lt\/\" target=\"_blank\">http:\/\/www.llkc.lt\/<\/a>)<\/li>\n<li><a href=\"http:\/\/www.ldm.lt\/\" target=\"_blank\">Lietuvos dail\u0117s muziejus<\/a>) \u00a0(<a href=\"http:\/\/www.ldm.lt\/index.htm\" target=\"_blank\">http:\/\/www.ldm.lt\/index.htm<\/a>)<\/li>\n<li><span style=\"font-family: Arial,Helvetica,sans-serif;\"><span style=\"color: #990000;\">\u0160al\u010dinink\u0173 rajono\u00a0savivaldyb\u0117s\u00a0kult\u016bros centras<\/span><span style=\"color: #000000;\"> \u00a0(<a href=\"http:\/\/www.salcininkaikultura.lt\/lt\" target=\"_blank\">http:\/\/www.<wbr \/>salcininkaikultura.lt\/lt<\/a><\/span><\/span><\/li>\n<\/ul>\n<p>KITOS NUORODOS: Laikra\u0161\u010diai, \u017eurnalai<\/p>\n<div>\n<div>\n<ul>\n<li><a href=\"http:\/\/www.muzikosbarai.lt\/\" target=\"_blank\">Muzikos meno ir mokslo \u017eurnalas &#8222;Muzikos barai&#8221;<\/a>\u00a0(<a href=\"http:\/\/www.muzikusajunga.lt\/mr\" target=\"_blank\">http:\/\/www.<wbr \/>muzikusajunga.lt\/mr<\/a>)<\/li>\n<li><a href=\"http:\/\/www.7md.lt\/lt\/2009-07-31.html\" target=\"_blank\">Vilniaus miesto kult\u016bros savaitra\u0161tis &#8222;7 meno dienos&#8221;<\/a>\u00a0(<a href=\"http:\/\/archyvas.7md.lt\/lt\/2012-07-27.html\" target=\"_blank\">http:\/\/archyvas.7md.<wbr \/>lt\/lt\/2012-07-27.html<\/a>)<\/li>\n<li><a href=\"http:\/\/kurierwilenski.lt\/\" target=\"_blank\">&#8222;Kurjer wilenski&#8221;<\/a>\u00a0(<a href=\"http:\/\/kurierwilenski.lt\/\" target=\"_blank\">http:\/\/<wbr \/>kurierwilenski.lt\/<\/a>)<\/li>\n<li><a href=\"http:\/\/www.dialogas.com\/\" target=\"_blank\">Nepriklausomas \u0161vietimo savaitra\u0161tis &#8222;Dialogas&#8221;<\/a>\u00a0(<a href=\"http:\/\/www.dialogas.com\/\" target=\"_blank\">http:\/\/www.<wbr \/>dialogas.com\/<\/a>)<\/li>\n<\/ul>\n<p>KITOS NUORODOS: Kompozitori\u0173 biografijos, muzikos istorijos straipsniai, \u017eodynai<\/p>\n<div>\n<div>\n<ul>\n<li><a href=\"http:\/\/cl.mmv.ru\/\" target=\"_blank\">http:\/\/cl.mmv.ru\/<\/a><\/li>\n<li><a href=\"http:\/\/members.tripod.com\/beethoven_page\/\" target=\"_blank\">http:\/\/members.tripod.com\/<wbr \/>beethoven_page\/<\/a><\/li>\n<li><a href=\"http:\/\/violakey.narod.ru\/Mainpage\/Personalii.html\" target=\"_blank\">http:\/\/violakey.narod.ru\/<wbr \/>Mainpage\/Personalii.html<\/a><\/li>\n<li><a href=\"http:\/\/www.firemusic.narod.ru\/compousers\/index.htm\" target=\"_blank\">http:\/\/www.firemusic.narod.ru\/<wbr \/>compousers\/index.htm<\/a><\/li>\n<li><a href=\"http:\/\/solschool4.narod.ru\/help\/music\/\" target=\"_blank\">http:\/\/solschool4.narod.ru\/<wbr \/>help\/music\/<\/a><\/li>\n<li><a href=\"http:\/\/www.mozartproject.org\/\" target=\"_blank\">http:\/\/www.mozartproject.org\/<\/a><\/li>\n<li><a href=\"http:\/\/itopera.narod.ru\/index.html\" target=\"_blank\">http:\/\/itopera.narod.ru\/index.<wbr \/>html<\/a><\/li>\n<li><a href=\"http:\/\/rm.hoha.ru\/index.php\" target=\"_blank\">http:\/\/rm.hoha.ru\/index.php<\/a><\/li>\n<li><a href=\"http:\/\/www.mnc.net\/norway\/EHG.htm\" target=\"_blank\">http:\/\/www.mnc.net\/norway\/EHG.<wbr \/>htm<\/a><\/li>\n<li><a href=\"http:\/\/www.classical.net\/\" target=\"_blank\">http:\/\/www.classical.net\/<\/a><\/li>\n<li><a href=\"http:\/\/www.abc-guitar.narod.ru\/\" target=\"_blank\">http:\/\/www.abc-guitar.narod.<wbr \/>ru\/<\/a><\/li>\n<li><a href=\"http:\/\/bach-cantatas.com\/index.htm\" target=\"_blank\">http:\/\/bach-cantatas.com\/<wbr \/>index.htm<\/a><\/li>\n<li><a href=\"http:\/\/www.jsbach.org\/\" target=\"_blank\">http:\/\/www.jsbach.org\/<\/a><\/li>\n<li><a href=\"http:\/\/www.karadar.com\/Dictionary\/Default.htm\" target=\"_blank\">http:\/\/www.karadar.com\/<wbr \/>Dictionary\/Default.htm<\/a><\/li>\n<\/ul>\n<p>KITOS NUORODOS: \u012evairios muzikin\u0117s internetin\u0117s svetain\u0117s<\/p>\n<div>\n<div>\n<ul>\n<li><a href=\"http:\/\/firemusic.narod.ru\/\" target=\"_blank\">http:\/\/firemusic.narod.ru\/<\/a><\/li>\n<li><a href=\"http:\/\/cl.mmv.ru\/\" target=\"_blank\">http:\/\/cl.mmv.ru\/<\/a><\/li>\n<li><a href=\"http:\/\/belcanto.ru\/\" target=\"_blank\">http:\/\/belcanto.ru\/<\/a><\/li>\n<li><a href=\"http:\/\/opera-xx.narod.ru\/\" target=\"_blank\">http:\/\/opera-xx.narod.ru\/<\/a><\/li>\n<li><a href=\"http:\/\/www.ballet.classical.ru\/index.html\" target=\"_blank\">http:\/\/www.ballet.classical.ru\/index.html<\/a><\/li>\n<li><a href=\"http:\/\/www.musicfancy.net\/ru\/home\" target=\"_blank\"><span style=\"color: #993300;\">http:\/\/www.musicfancy.net\/ru\/home<\/span><\/a><\/li>\n<li><a href=\"http:\/\/www.musictheory.net\/\" target=\"_blank\"><u><span style=\"color: #993300;\">http:\/\/www.musictheory.net\/<\/span><\/u><\/a><\/li>\n<li><a href=\"http:\/\/www.musictechteacher.com\/index.htm\" target=\"_blank\"><u><span style=\"color: #993300;\">http:\/\/www.musictechteacher.com\/index.htm<\/span><\/u><\/a><\/li>\n<li><a href=\"http:\/\/operossiuzetas.webs.com\/\" target=\"_blank\"><u><span style=\"color: #0000ff;\">http:\/\/operossiuzetas.webs.com\/<\/span><\/u><\/a><\/li>\n<\/ul>\n<p>KITOS NUORODOS: Kur galima pasiklausyti muzikos<\/p>\n<ul>\n<li><a href=\"http:\/\/www.karadar.com\/Mp3composer\/Default.htm\" target=\"_blank\">http:\/\/www.karadar.com\/Mp3composer\/Default.htm<\/a><\/li>\n<\/ul>\n<\/div>\n<p>&nbsp;<\/p>\n<\/div>\n<\/div>\n<\/div>\n<\/div>\n<\/div>\n<p>\u00a0KITOS NUORODOS: Nat\u0173 archyvai<\/p>\n<p>&nbsp;<\/p>\n<ul>\n<li><a href=\"http:\/\/notes.tarakanov.net\/links.htm\" target=\"_blank\">http:\/\/notes.tarakanov.net\/<wbr \/>links.htm<\/a><\/li>\n<li><a href=\"http:\/\/www.bh2000.net\/score\/\" target=\"_blank\">http:\/\/www.bh2000.net\/score\/<\/a><\/li>\n<li><a href=\"http:\/\/www.lykhin.com\/sheetmusic\/\" target=\"_blank\">http:\/\/www.lykhin.com\/<wbr \/>sheetmusic\/<\/a><\/li>\n<li><a href=\"http:\/\/nlib.org.ua\/index.html\" target=\"_blank\">http:\/\/nlib.org.ua\/index.html<\/a><\/li>\n<li><a href=\"http:\/\/rubinshtein.ru\/index.htm\" target=\"_blank\">http:\/\/rubinshtein.ru\/index.<wbr \/>htm<\/a><\/li>\n<li><a href=\"http:\/\/roisman.narod.ru\/compnotes.htm\" target=\"_blank\">http:\/\/roisman.narod.ru\/<wbr \/>compnotes.htm<\/a><\/li>\n<li><a href=\"http:\/\/www.all-2music.com\/violin_notes.html\" target=\"_blank\">http:\/\/www.all-2music.com\/<wbr \/>violin_notes.html<\/a>\u00a0)<\/li>\n<li><span style=\"color: #990000;\"><a href=\"http:\/\/www.imslp.org\/\" target=\"_blank\">http:\/\/www.imslp.org\/<\/a><\/span><\/li>\n<\/ul>\n<p>&nbsp;<\/p>\n<\/div>\n<\/div>\n<p>&nbsp;<\/p>\n","protected":false},"excerpt":{"rendered":"<p>\u0160vietimo ir mokslo ministerija\u00a0 (http:\/\/www.smm.lt\/) \u0160al\u010dinink\u0173 rajono\u00a0savivaldyb\u0117\u00a0 (http:\/\/www.salcininkai.lt\/) Lietuvos Respublikos Kult\u016bros ministerija\u00a0\u00a0 (http:\/\/www.lrkm.lt\/) Ugdymo pl\u0117tot\u0117s centras\u00a0(http:\/\/www.upc.smm.lt\/) Lietuvos muzikos mokytoj\u0173 asociacija\u00a0(http:\/\/www.lmma.ku.lt\/index.html) Lietuvos \u0161vietimo darbuotoj\u0173 profesin\u0117 s\u0105junga\u00a0(http:\/\/www.lsdps.lt\/) \u0160vietimo portalas\u00a0 \u00a0(http:\/\/portalas.emokykla.lt\/SitePages\/em_Puslapiai\/Naujienos.aspx) KITOS NUORODOS: \u0161vietimo \u012fstaigos &nbsp; Lietuvos muzikos ir teatro akademija\u00a0 (http:\/\/lmta.lt\/web\/index.php) Vilniaus Juozo Tallat-Kelp\u0161os konservatorija\u00a0(http:\/\/www.konservatorija.lt\/) Kauno apskrities Juozo Gruod\u017eio konservatorija\u00a0(http:\/\/www.konservatorija.kaunas.lm.lt\/) Klaip\u0117dos Stasio \u0160imkaus konservatorija\u00a0(http:\/\/klaipedoskonservatorija.lt\/) \u0160iauli\u0173 konservatorija\u00a0(http:\/\/sondeckis.lt\/) Nacionalin\u0117 [&hellip;]<\/p>\n<div class=\"placiaukategorijos\"><a href=\"https:\/\/smmm.lt\/en\/nuorodos\/\">Pla\u010diau...<\/a><\/div>","protected":false},"author":1,"featured_media":0,"parent":0,"menu_order":0,"comment_status":"open","ping_status":"open","template":"","meta":{"_acf_changed":false,"footnotes":""},"class_list":["post-9","page","type-page","status-publish","hentry"],"acf":[],"_links":{"self":[{"href":"https:\/\/smmm.lt\/en\/wp-json\/wp\/v2\/pages\/9","targetHints":{"allow":["GET"]}}],"collection":[{"href":"https:\/\/smmm.lt\/en\/wp-json\/wp\/v2\/pages"}],"about":[{"href":"https:\/\/smmm.lt\/en\/wp-json\/wp\/v2\/types\/page"}],"author":[{"embeddable":true,"href":"https:\/\/smmm.lt\/en\/wp-json\/wp\/v2\/users\/1"}],"replies":[{"embeddable":true,"href":"https:\/\/smmm.lt\/en\/wp-json\/wp\/v2\/comments?post=9"}],"version-history":[{"count":4,"href":"https:\/\/smmm.lt\/en\/wp-json\/wp\/v2\/pages\/9\/revisions"}],"predecessor-version":[{"id":492,"href":"https:\/\/smmm.lt\/en\/wp-json\/wp\/v2\/pages\/9\/revisions\/492"}],"wp:attachment":[{"href":"https:\/\/smmm.lt\/en\/wp-json\/wp\/v2\/media?parent=9"}],"curies":[{"name":"wp","href":"https:\/\/api.w.org\/{rel}","templated":true}]}}