



{"id":19,"date":"2015-03-25T07:58:28","date_gmt":"2015-03-25T07:58:28","guid":{"rendered":"http:\/\/miniart.lt\/smmm\/?page_id=19"},"modified":"2025-03-13T16:58:08","modified_gmt":"2025-03-13T16:58:08","slug":"kontaktai","status":"publish","type":"page","link":"https:\/\/smmm.lt\/pl\/kontaktai\/","title":{"rendered":"Kontakty"},"content":{"rendered":"\n<p>Plento g. 5 , LT 17117<\/p>\n\n\n\n<p>\u0160al\u010dininkai<\/p>\n\n\n\n<h2 class=\"wp-block-heading\">+370 380 51408<\/h2>\n\n\n\n<p>salcininkumenumokykla@gmail.com<br>\u012em. kodas: &nbsp;&nbsp;&nbsp; &nbsp;191417232<\/p>\n","protected":false},"excerpt":{"rendered":"<p>Plento g. 5 , LT 17117 \u0160al\u010dininkai +370 380 51408 salcininkumenumokykla@gmail.com\u012em. kodas: &nbsp;&nbsp;&nbsp; &nbsp;191417232<\/p>\n<div class=\"placiaukategorijos\"><a href=\"https:\/\/smmm.lt\/pl\/kontaktai\/\">Pla\u010diau...<\/a><\/div>","protected":false},"author":1,"featured_media":0,"parent":0,"menu_order":0,"comment_status":"open","ping_status":"open","template":"","meta":{"_acf_changed":false,"footnotes":""},"class_list":["post-19","page","type-page","status-publish","hentry"],"acf":[],"_links":{"self":[{"href":"https:\/\/smmm.lt\/pl\/wp-json\/wp\/v2\/pages\/19","targetHints":{"allow":["GET"]}}],"collection":[{"href":"https:\/\/smmm.lt\/pl\/wp-json\/wp\/v2\/pages"}],"about":[{"href":"https:\/\/smmm.lt\/pl\/wp-json\/wp\/v2\/types\/page"}],"author":[{"embeddable":true,"href":"https:\/\/smmm.lt\/pl\/wp-json\/wp\/v2\/users\/1"}],"replies":[{"embeddable":true,"href":"https:\/\/smmm.lt\/pl\/wp-json\/wp\/v2\/comments?post=19"}],"version-history":[{"count":13,"href":"https:\/\/smmm.lt\/pl\/wp-json\/wp\/v2\/pages\/19\/revisions"}],"predecessor-version":[{"id":588,"href":"https:\/\/smmm.lt\/pl\/wp-json\/wp\/v2\/pages\/19\/revisions\/588"}],"wp:attachment":[{"href":"https:\/\/smmm.lt\/pl\/wp-json\/wp\/v2\/media?parent=19"}],"curies":[{"name":"wp","href":"https:\/\/api.w.org\/{rel}","templated":true}]}}