



{"id":2,"date":"2015-03-25T07:15:52","date_gmt":"2015-03-25T07:15:52","guid":{"rendered":"http:\/\/miniart.lt\/smmm\/?page_id=2"},"modified":"2025-09-26T11:19:29","modified_gmt":"2025-09-26T11:19:29","slug":"apie-mus","status":"publish","type":"page","link":"https:\/\/smmm.lt\/pl\/apie-mus\/","title":{"rendered":"O NAS"},"content":{"rendered":"\n\t\t<style type=\"text\/css\">\n\t\t\t#gallery-1 {\n\t\t\t\tmargin: auto;\n\t\t\t}\n\t\t\t#gallery-1 .gallery-item {\n\t\t\t\tfloat: left;\n\t\t\t\tmargin-top: 10px;\n\t\t\t\ttext-align: center;\n\t\t\t\twidth: 16%;\n\t\t\t}\n\t\t\t#gallery-1 img {\n\t\t\t\tborder: 2px solid #cfcfcf;\n\t\t\t}\n\t\t\t#gallery-1 .gallery-caption {\n\t\t\t\tmargin-left: 0;\n\t\t\t}\n\t\t\t\/* see gallery_shortcode() in wp-includes\/media.php *\/\n\t\t<\/style>\n\t\t<div id='gallery-1' class='gallery galleryid-2 gallery-columns-6 gallery-size-thumbnail'><dl class='gallery-item'>\n\t\t\t<dt class='gallery-icon landscape'>\n\t\t\t\t<a href='https:\/\/smmm.lt\/pl\/wp-content\/uploads\/2015\/03\/puciam-ork-ir-sokejos.jpg' rel=\"lightbox[2]\"><img loading=\"lazy\" decoding=\"async\" width=\"150\" height=\"150\" src=\"https:\/\/smmm.lt\/pl\/wp-content\/uploads\/2015\/03\/puciam-ork-ir-sokejos-150x150.jpg\" class=\"attachment-thumbnail size-thumbnail\" alt=\"\" \/><\/a>\n\t\t\t<\/dt><\/dl><dl class='gallery-item'>\n\t\t\t<dt class='gallery-icon landscape'>\n\t\t\t\t<a href='https:\/\/smmm.lt\/pl\/wp-content\/uploads\/2015\/03\/piesn9_1.jpg' rel=\"lightbox[2]\"><img loading=\"lazy\" decoding=\"async\" width=\"150\" height=\"150\" src=\"https:\/\/smmm.lt\/pl\/wp-content\/uploads\/2015\/03\/piesn9_1-150x150.jpg\" class=\"attachment-thumbnail size-thumbnail\" alt=\"\" \/><\/a>\n\t\t\t<\/dt><\/dl><dl class='gallery-item'>\n\t\t\t<dt class='gallery-icon landscape'>\n\t\t\t\t<a href='https:\/\/smmm.lt\/pl\/wp-content\/uploads\/2015\/03\/P1140768.jpg' rel=\"lightbox[2]\"><img loading=\"lazy\" decoding=\"async\" width=\"150\" height=\"150\" src=\"https:\/\/smmm.lt\/pl\/wp-content\/uploads\/2015\/03\/P1140768-150x150.jpg\" class=\"attachment-thumbnail size-thumbnail\" alt=\"\" \/><\/a>\n\t\t\t<\/dt><\/dl><dl class='gallery-item'>\n\t\t\t<dt class='gallery-icon landscape'>\n\t\t\t\t<a href='https:\/\/smmm.lt\/pl\/wp-content\/uploads\/2015\/03\/P1000957.jpg' rel=\"lightbox[2]\"><img loading=\"lazy\" decoding=\"async\" width=\"150\" height=\"150\" src=\"https:\/\/smmm.lt\/pl\/wp-content\/uploads\/2015\/03\/P1000957-150x150.jpg\" class=\"attachment-thumbnail size-thumbnail\" alt=\"\" \/><\/a>\n\t\t\t<\/dt><\/dl><dl class='gallery-item'>\n\t\t\t<dt class='gallery-icon landscape'>\n\t\t\t\t<a href='https:\/\/smmm.lt\/pl\/wp-content\/uploads\/2015\/03\/moniusko-190-0051.jpg' rel=\"lightbox[2]\"><img loading=\"lazy\" decoding=\"async\" width=\"150\" height=\"150\" src=\"https:\/\/smmm.lt\/pl\/wp-content\/uploads\/2015\/03\/moniusko-190-0051-150x150.jpg\" class=\"attachment-thumbnail size-thumbnail\" alt=\"\" \/><\/a>\n\t\t\t<\/dt><\/dl><dl class='gallery-item'>\n\t\t\t<dt class='gallery-icon landscape'>\n\t\t\t\t<a href='https:\/\/smmm.lt\/pl\/wp-content\/uploads\/2015\/03\/DSC_78052.jpg' rel=\"lightbox[2]\"><img loading=\"lazy\" decoding=\"async\" width=\"150\" height=\"150\" src=\"https:\/\/smmm.lt\/pl\/wp-content\/uploads\/2015\/03\/DSC_78052-150x150.jpg\" class=\"attachment-thumbnail size-thumbnail\" alt=\"\" \/><\/a>\n\t\t\t<\/dt><\/dl><br style=\"clear: both\" \/><dl class='gallery-item'>\n\t\t\t<dt class='gallery-icon landscape'>\n\t\t\t\t<a href='https:\/\/smmm.lt\/pl\/wp-content\/uploads\/2015\/03\/IMG_75581.jpg' rel=\"lightbox[2]\"><img loading=\"lazy\" decoding=\"async\" width=\"150\" height=\"150\" src=\"https:\/\/smmm.lt\/pl\/wp-content\/uploads\/2015\/03\/IMG_75581-150x150.jpg\" class=\"attachment-thumbnail size-thumbnail\" alt=\"\" \/><\/a>\n\t\t\t<\/dt><\/dl><dl class='gallery-item'>\n\t\t\t<dt class='gallery-icon landscape'>\n\t\t\t\t<a href='https:\/\/smmm.lt\/pl\/wp-content\/uploads\/2015\/03\/IMG_77151.jpg' rel=\"lightbox[2]\"><img loading=\"lazy\" decoding=\"async\" width=\"150\" height=\"150\" src=\"https:\/\/smmm.lt\/pl\/wp-content\/uploads\/2015\/03\/IMG_77151-150x150.jpg\" class=\"attachment-thumbnail size-thumbnail\" alt=\"\" \/><\/a>\n\t\t\t<\/dt><\/dl><dl class='gallery-item'>\n\t\t\t<dt class='gallery-icon landscape'>\n\t\t\t\t<a href='https:\/\/smmm.lt\/pl\/wp-content\/uploads\/2015\/03\/chor31.jpg' rel=\"lightbox[2]\"><img loading=\"lazy\" decoding=\"async\" width=\"150\" height=\"150\" src=\"https:\/\/smmm.lt\/pl\/wp-content\/uploads\/2015\/03\/chor31-150x150.jpg\" class=\"attachment-thumbnail size-thumbnail\" alt=\"\" \/><\/a>\n\t\t\t<\/dt><\/dl><dl class='gallery-item'>\n\t\t\t<dt class='gallery-icon landscape'>\n\t\t\t\t<a href='https:\/\/smmm.lt\/pl\/wp-content\/uploads\/2015\/03\/0501.jpg' rel=\"lightbox[2]\"><img loading=\"lazy\" decoding=\"async\" width=\"150\" height=\"150\" src=\"https:\/\/smmm.lt\/pl\/wp-content\/uploads\/2015\/03\/0501-150x150.jpg\" class=\"attachment-thumbnail size-thumbnail\" alt=\"\" \/><\/a>\n\t\t\t<\/dt><\/dl><dl class='gallery-item'>\n\t\t\t<dt class='gallery-icon landscape'>\n\t\t\t\t<a href='https:\/\/smmm.lt\/pl\/wp-content\/uploads\/2015\/03\/41.jpg' rel=\"lightbox[2]\"><img loading=\"lazy\" decoding=\"async\" width=\"150\" height=\"150\" src=\"https:\/\/smmm.lt\/pl\/wp-content\/uploads\/2015\/03\/41-150x150.jpg\" class=\"attachment-thumbnail size-thumbnail\" alt=\"\" \/><\/a>\n\t\t\t<\/dt><\/dl><dl class='gallery-item'>\n\t\t\t<dt class='gallery-icon landscape'>\n\t\t\t\t<a href='https:\/\/smmm.lt\/pl\/wp-content\/uploads\/2015\/03\/styginiai2.jpg' rel=\"lightbox[2]\"><img loading=\"lazy\" decoding=\"async\" width=\"150\" height=\"150\" src=\"https:\/\/smmm.lt\/pl\/wp-content\/uploads\/2015\/03\/styginiai2-150x150.jpg\" class=\"attachment-thumbnail size-thumbnail\" alt=\"\" \/><\/a>\n\t\t\t<\/dt><\/dl><br style=\"clear: both\" \/>\n\t\t<\/div>\n\n<p>Wszyscy uczniowie maj\u0105 stworzone jednakowe warunki do zaspokajania swoich potrzeb oraz rozwijania umiej\u0119tno\u015bci muzycznych i artystycznych. W szkole zorganizowano ukierunkowane zaj\u0119cia pozalekcyjne. Ciesz\u0105 wysokie wyniki nauczania. Efektywnie kszta\u0142towana jest mi\u0142o\u015b\u0107 dla muzyki, ta\u0144ca oraz sztuk plastycznych. Uzdolnieni uczniowie s\u0105 zach\u0119cani do kontynuowania kariery zawodowej.<\/p>\n<p>Niekt\u00f3rzy z absolwent\u00f3w kontynuuj\u0105 edukacj\u0119 artystyczn\u0105 w Litewskiej Akademii Muzycznej i Teatralnej, w Wile\u0144skiej Akademii Sztuk Pi\u0119knych, w Narodowej Szkole Artystycznej im. M.K. \u010ciurlionisa lub zostali mi\u0142o\u015bnikami sztuki, wykszta\u0142conymi s\u0142uchaczami muzyki , uczestnikami r\u00f3\u017cnych grup artystycznych. Niekt\u00f3rzy z nich wr\u00f3cili po studiach do swojej szko\u0142y i z powodzeniem pracuj\u0105 tu jako nauczyciele.<\/p>\n<p>W pi\u0119knej barokowej sali Pa\u0142acu stale koncertuj\u0105 nie tylko uczniowie szko\u0142y, lecz tak\u017ce s\u0142ynni wykonawcy z Litwy i zagranicy.<\/p>\n<p><strong>Misja<\/strong><\/p>\n<p>Solecznicka Szko\u0142a Sztuk Pi\u0119knych im. St. Moniuszki jest instytucj\u0105 edukacji artystycznej, umo\u017cliwiaj\u0105c\u0105 dzieciom z Rejonu rozwija\u0107 swoje umiej\u0119tno\u015bci i zdolno\u015bci muzyczne, taneczne i plastyczne, rozwija\u0107 kreatywno\u015b\u0107, samodzielno\u015b\u0107 i inicjatyw\u0119. Uczy m\u0142odzie\u017c wsp\u00f3\u0142dzia\u0142ania i wsp\u00f3\u0142pracy.<\/p>\n<p><strong>Wizja<\/strong><\/p>\n<p>Solecznicka Szko\u0142a Sztuk Pi\u0119knych im. St. Moniuszki \u2013 jedyna tego typu instytucja edukacyjna o kierunku artystycznym w okolicy, s\u0142awi Soleczniki w powiecie,\u00a0w republice i poza jej granicami; zach\u0119ca ka\u017cdego cz\u0142onka spo\u0142eczno\u015bci do kszta\u0142cenie ustawicznego. Szko\u0142a Sztuk Pi\u0119knych wytycza kierunki rozwoju i bierze odpowiedzialno\u015b\u0107 za realizacj\u0119 cel\u00f3w edukacyjnych i ich rezultaty. Szko\u0142a sta\u0142a si\u0119 Centrum Kulturalnym i Metodycznym, wsp\u00f3\u0142pracuje z r\u00f3\u017cnymi instytucjami krajowymi i mi\u0119dzynarodowymi.<\/p>\n<p><u>Programy w klasach muzycznych, choreograficznych i sztuk wizualnych (lub plastyki):<\/u><\/p>\n<p>Wykszta\u0142cenia pocz\u0105tkowego (czas trwania 3 lata)<br \/>\nWykszta\u0142cenia podstawowego (czas trwania 4 lata)<\/p>\n<p>Bior\u0105c pod uwag\u0119 potrzeby lokalnej spo\u0142eczno\u015bci, szko\u0142a mo\u017ce przeprowadzi\u0107 program nauczania wczesnego (dla dzieci od 5 do 7) oraz rozszerzonego. Rozszerzony program edukacyjny jest proponowany uczniom, kt\u00f3rzy uko\u0144czyli kurs podstawowej edukacji artystycznej, maj\u0105 odpowiednie zdolno\u015bci i osi\u0105gni\u0119cia oraz pragn\u0105 rozwija\u0107 swoje umiej\u0119tno\u015bci w kierunku ekspresji artystycznej.<\/p>\n<p><u>Klasy muzyczne prowadz\u0105 nauk\u0119 na nast\u0119puj\u0105cych instrumentach g\u0142\u00f3wnych:<\/u><\/p>\n<ol>\n<li>fortepian<br \/>\n2. akordeon<br \/>\n3. skrzypce<br \/>\n4. wiolonczela<br \/>\n5. tr\u0105bka<br \/>\n6. klarnet<br \/>\n7. saksofon<br \/>\n8. waltonia<br \/>\n9. puzon<br \/>\n10.tuba<br \/>\n11.instrumenty perkusyjne<\/li>\n<\/ol>\n\n\t\t<style type=\"text\/css\">\n\t\t\t#gallery-2 {\n\t\t\t\tmargin: auto;\n\t\t\t}\n\t\t\t#gallery-2 .gallery-item {\n\t\t\t\tfloat: left;\n\t\t\t\tmargin-top: 10px;\n\t\t\t\ttext-align: center;\n\t\t\t\twidth: 25%;\n\t\t\t}\n\t\t\t#gallery-2 img {\n\t\t\t\tborder: 2px solid #cfcfcf;\n\t\t\t}\n\t\t\t#gallery-2 .gallery-caption {\n\t\t\t\tmargin-left: 0;\n\t\t\t}\n\t\t\t\/* see gallery_shortcode() in wp-includes\/media.php *\/\n\t\t<\/style>\n\t\t<div id='gallery-2' class='gallery galleryid-2 gallery-columns-4 gallery-size-thumbnail'><dl class='gallery-item'>\n\t\t\t<dt class='gallery-icon landscape'>\n\t\t\t\t<a href='https:\/\/smmm.lt\/pl\/wp-content\/uploads\/2015\/03\/DSC_00022.jpg' rel=\"lightbox[2]\"><img loading=\"lazy\" decoding=\"async\" width=\"150\" height=\"150\" src=\"https:\/\/smmm.lt\/pl\/wp-content\/uploads\/2015\/03\/DSC_00022-150x150.jpg\" class=\"attachment-thumbnail size-thumbnail\" alt=\"\" \/><\/a>\n\t\t\t<\/dt><\/dl><dl class='gallery-item'>\n\t\t\t<dt class='gallery-icon landscape'>\n\t\t\t\t<a href='https:\/\/smmm.lt\/pl\/wp-content\/uploads\/2015\/03\/daile2.jpg' rel=\"lightbox[2]\"><img loading=\"lazy\" decoding=\"async\" width=\"150\" height=\"150\" src=\"https:\/\/smmm.lt\/pl\/wp-content\/uploads\/2015\/03\/daile2-150x150.jpg\" class=\"attachment-thumbnail size-thumbnail\" alt=\"\" \/><\/a>\n\t\t\t<\/dt><\/dl><dl class='gallery-item'>\n\t\t\t<dt class='gallery-icon landscape'>\n\t\t\t\t<a href='https:\/\/smmm.lt\/pl\/wp-content\/uploads\/2015\/03\/1.jpg' rel=\"lightbox[2]\"><img loading=\"lazy\" decoding=\"async\" width=\"150\" height=\"150\" src=\"https:\/\/smmm.lt\/pl\/wp-content\/uploads\/2015\/03\/1-150x150.jpg\" class=\"attachment-thumbnail size-thumbnail\" alt=\"\" \/><\/a>\n\t\t\t<\/dt><\/dl><dl class='gallery-item'>\n\t\t\t<dt class='gallery-icon landscape'>\n\t\t\t\t<a href='https:\/\/smmm.lt\/pl\/wp-content\/uploads\/2015\/03\/skrzypce.jpg' rel=\"lightbox[2]\"><img loading=\"lazy\" decoding=\"async\" width=\"150\" height=\"150\" src=\"https:\/\/smmm.lt\/pl\/wp-content\/uploads\/2015\/03\/skrzypce-150x150.jpg\" class=\"attachment-thumbnail size-thumbnail\" alt=\"\" \/><\/a>\n\t\t\t<\/dt><\/dl><br style=\"clear: both\" \/>\n\t\t<\/div>\n\n<p style=\"text-align: justify;\">\n","protected":false},"excerpt":{"rendered":"<p>Wszyscy uczniowie maj\u0105 stworzone jednakowe warunki do zaspokajania swoich potrzeb oraz rozwijania umiej\u0119tno\u015bci muzycznych i artystycznych. W szkole zorganizowano ukierunkowane zaj\u0119cia pozalekcyjne. Ciesz\u0105 wysokie wyniki nauczania. Efektywnie kszta\u0142towana jest mi\u0142o\u015b\u0107 dla muzyki, ta\u0144ca oraz sztuk plastycznych. Uzdolnieni uczniowie s\u0105 zach\u0119cani do kontynuowania kariery zawodowej. Niekt\u00f3rzy z absolwent\u00f3w kontynuuj\u0105 edukacj\u0119 artystyczn\u0105 w Litewskiej Akademii Muzycznej i [&hellip;]<\/p>\n<div class=\"placiaukategorijos\"><a href=\"https:\/\/smmm.lt\/pl\/apie-mus\/\">Pla\u010diau...<\/a><\/div>","protected":false},"author":1,"featured_media":0,"parent":0,"menu_order":0,"comment_status":"open","ping_status":"open","template":"","meta":{"_acf_changed":false,"footnotes":""},"class_list":["post-2","page","type-page","status-publish","hentry"],"acf":[],"_links":{"self":[{"href":"https:\/\/smmm.lt\/pl\/wp-json\/wp\/v2\/pages\/2","targetHints":{"allow":["GET"]}}],"collection":[{"href":"https:\/\/smmm.lt\/pl\/wp-json\/wp\/v2\/pages"}],"about":[{"href":"https:\/\/smmm.lt\/pl\/wp-json\/wp\/v2\/types\/page"}],"author":[{"embeddable":true,"href":"https:\/\/smmm.lt\/pl\/wp-json\/wp\/v2\/users\/1"}],"replies":[{"embeddable":true,"href":"https:\/\/smmm.lt\/pl\/wp-json\/wp\/v2\/comments?post=2"}],"version-history":[{"count":14,"href":"https:\/\/smmm.lt\/pl\/wp-json\/wp\/v2\/pages\/2\/revisions"}],"predecessor-version":[{"id":618,"href":"https:\/\/smmm.lt\/pl\/wp-json\/wp\/v2\/pages\/2\/revisions\/618"}],"wp:attachment":[{"href":"https:\/\/smmm.lt\/pl\/wp-json\/wp\/v2\/media?parent=2"}],"curies":[{"name":"wp","href":"https:\/\/api.w.org\/{rel}","templated":true}]}}